{"id":72,"date":"2024-07-17T11:08:17","date_gmt":"2024-07-17T09:08:17","guid":{"rendered":"https:\/\/hotelsantjoan.com\/?page_id=72"},"modified":"2026-03-02T14:52:20","modified_gmt":"2026-03-02T13:52:20","slug":"politique-de-cookies","status":"publish","type":"page","link":"https:\/\/hotelsantjoan.com\/fr\/politique-de-cookies\/","title":{"rendered":"Politique de cookies"},"content":{"rendered":"\t\t<div data-elementor-type=\"wp-page\" data-elementor-id=\"72\" class=\"elementor elementor-72\" data-elementor-post-type=\"page\">\n\t\t\t\t<div class=\"elementor-element elementor-element-18a2821 e-flex e-con-boxed e-con e-parent\" data-id=\"18a2821\" data-element_type=\"container\" data-e-type=\"container\">\n\t\t\t\t\t<div class=\"e-con-inner\">\n\t\t<div class=\"elementor-element elementor-element-be67688 e-con-full e-flex e-con e-child\" data-id=\"be67688\" data-element_type=\"container\" data-e-type=\"container\">\n\t\t\t\t<div class=\"elementor-element elementor-element-bde42a3 elementor-widget elementor-widget-text-editor\" data-id=\"bde42a3\" data-element_type=\"widget\" data-e-type=\"widget\" data-widget_type=\"text-editor.default\">\n\t\t\t\t\t\t\t\t\t<p><strong>POLITIQUE DE COOKIES<\/strong><\/p>hotelsantjoan.com<p>L\u2019acc\u00e8s \u00e0 ce Site Web peut impliquer l\u2019utilisation de cookies. Les cookies sont de petites quantit\u00e9s d\u2019informations stock\u00e9es dans le navigateur utilis\u00e9 par chaque Utilisateur \u2014 sur les diff\u00e9rents appareils qu\u2019il peut utiliser pour naviguer \u2014 afin que le serveur se souvienne de certaines informations que seul le serveur qui les a mises en place pourra ult\u00e9rieurement lire. Les cookies facilitent la navigation, la rendent plus conviviale et n\u2019endommagent pas l\u2019appareil de navigation.<\/p><p>Les cookies sont des proc\u00e9dures automatiques de collecte d\u2019informations relatives aux pr\u00e9f\u00e9rences d\u00e9termin\u00e9es par l\u2019Utilisateur lors de sa visite sur le Site Web, afin de le reconna\u00eetre en tant qu\u2019Utilisateur et de personnaliser son exp\u00e9rience et son utilisation du Site Web. Ils peuvent \u00e9galement, par exemple, aider \u00e0 identifier et r\u00e9soudre des erreurs.<\/p><p>Les informations recueillies par le biais des cookies peuvent inclure la date et l\u2019heure des visites sur le Site Web, les pages consult\u00e9es, le temps pass\u00e9 sur le Site Web ainsi que les sites visit\u00e9s juste avant et apr\u00e8s celui-ci. Toutefois, aucun cookie ne permet de contacter l\u2019Utilisateur via son num\u00e9ro de t\u00e9l\u00e9phone ou tout autre moyen de contact personnel. Aucun cookie ne peut extraire des informations du disque dur de l\u2019Utilisateur ni voler des informations personnelles. La seule mani\u00e8re pour que des informations priv\u00e9es de l\u2019Utilisateur fassent partie du fichier Cookie est que l\u2019Utilisateur fournisse personnellement ces informations au serveur.<\/p><p>Les cookies permettant d\u2019identifier une personne sont consid\u00e9r\u00e9s comme des donn\u00e9es personnelles. Par cons\u00e9quent, la Politique de Confidentialit\u00e9 d\u00e9crite pr\u00e9c\u00e9demment leur est applicable. \u00c0 cet \u00e9gard, leur utilisation n\u00e9cessitera le consentement de l\u2019Utilisateur. Ce consentement sera communiqu\u00e9 sur la base d\u2019un choix r\u00e9el, exprim\u00e9 par une d\u00e9cision affirmative et positive, avant le traitement initial, et pourra \u00eatre retir\u00e9 et document\u00e9.<\/p><p><strong>Cookies propres<\/strong><\/p><p>Il s\u2019agit des cookies envoy\u00e9s \u00e0 l\u2019ordinateur ou \u00e0 l\u2019appareil de l\u2019Utilisateur et g\u00e9r\u00e9s exclusivement par Hotel Sant Joan de Palam\u00f3s pour le bon fonctionnement du Site Web. Les informations recueillies sont utilis\u00e9es pour am\u00e9liorer la qualit\u00e9 du Site Web, de son Contenu et l\u2019exp\u00e9rience de l\u2019Utilisateur. Ces cookies permettent de reconna\u00eetre l\u2019Utilisateur comme un visiteur r\u00e9current du Site Web et d\u2019adapter le contenu afin de lui proposer des contenus correspondant \u00e0 ses pr\u00e9f\u00e9rences.<\/p><p><strong>Cookies de tiers<\/strong><\/p><p>Il s\u2019agit de cookies utilis\u00e9s et g\u00e9r\u00e9s par des entit\u00e9s externes qui fournissent \u00e0 Hotel Sant Joan de Palam\u00f3s des services demand\u00e9s par celle-ci afin d\u2019am\u00e9liorer le Site Web et l\u2019exp\u00e9rience de l\u2019Utilisateur lors de sa navigation sur le Site Web. Les principaux objectifs pour lesquels les cookies de tiers sont utilis\u00e9s sont l\u2019obtention de statistiques d\u2019acc\u00e8s et l\u2019analyse des informations de navigation, c\u2019est-\u00e0-dire la mani\u00e8re dont l\u2019Utilisateur interagit avec le Site Web.<\/p><p>Les informations obtenues concernent, par exemple, le nombre de pages visit\u00e9es, la langue, le lieu depuis lequel l\u2019Utilisateur acc\u00e8de au Site Web via son adresse IP, le nombre d\u2019Utilisateurs qui acc\u00e8dent au Site, la fr\u00e9quence et la r\u00e9currence des visites, le temps de visite, le navigateur utilis\u00e9, l\u2019op\u00e9rateur ou le type d\u2019appareil depuis lequel la visite est effectu\u00e9e. Ces informations sont utilis\u00e9es pour am\u00e9liorer le Site Web et d\u00e9tecter de nouveaux besoins afin d\u2019offrir aux Utilisateurs un Contenu et\/ou un service de qualit\u00e9 optimale.<br \/>En tout \u00e9tat de cause, les informations sont collect\u00e9es de mani\u00e8re anonyme et des rapports de tendances du Site Web sont \u00e9labor\u00e9s sans identifier les utilisateurs individuels.<\/p><p>Vous pouvez obtenir plus d\u2019informations sur les cookies, les informations relatives \u00e0 la confidentialit\u00e9, ou consulter la description des types de cookies utilis\u00e9s, leurs principales caract\u00e9ristiques, leur dur\u00e9e de conservation, etc., aux liens suivants :<\/p><p><a href=\"https:\/\/analytics.google.com\/\">https:\/\/analytics.google.com\/<\/a><br \/><a href=\"https:\/\/es-es.facebook.com\/business\/tools\/meta-pixel\">https:\/\/es-es.facebook.com\/business\/tools\/meta-pixel<\/a><\/p><p>La ou les entit\u00e9(s) charg\u00e9e(s) de fournir les cookies pourra\/pourront transmettre ces informations \u00e0 des tiers lorsque la loi l\u2019exige ou lorsqu\u2019un tiers traite ces informations pour leur compte.<\/p><p><strong>Cookies des r\u00e9seaux sociaux<\/strong><\/p><p>Hotel Sant Joan de Palam\u00f3s int\u00e8gre des plugins de r\u00e9seaux sociaux permettant d\u2019y acc\u00e9der \u00e0 partir du Site Web. Pour cette raison, des cookies de r\u00e9seaux sociaux peuvent \u00eatre stock\u00e9s dans le navigateur de l\u2019Utilisateur. Les titulaires de ces r\u00e9seaux sociaux disposent de leurs propres politiques de protection des donn\u00e9es et de cookies et sont eux-m\u00eames responsables, dans chaque cas, de leurs propres fichiers et pratiques de confidentialit\u00e9. L\u2019Utilisateur doit s\u2019y r\u00e9f\u00e9rer afin de s\u2019informer sur ces cookies et, le cas \u00e9ch\u00e9ant, sur le traitement de ses donn\u00e9es personnelles.<\/p><p>\u00c0 titre purement informatif, les liens permettant de consulter ces politiques de confidentialit\u00e9 et\/ou de cookies sont indiqu\u00e9s ci-dessous :<\/p><p>Facebook : <a href=\"https:\/\/www.facebook.com\/policies\/cookies\/\">https:\/\/www.facebook.com\/policies\/cookies\/<\/a><br \/>Twitter : <a href=\"https:\/\/twitter.com\/es\/privacy\">https:\/\/twitter.com\/es\/privacy<\/a><br \/>Instagram : <a href=\"https:\/\/help.instagram.com\/1896641480634370?ref=ig\">https:\/\/help.instagram.com\/1896641480634370?ref=ig<\/a><br \/>YouTube : <a href=\"https:\/\/policies.google.com\/privacy?hl=es-419&amp;gl=mx\">https:\/\/policies.google.com\/privacy?hl=es-419&amp;gl=mx<\/a><br \/>Pinterest : <a href=\"https:\/\/policy.pinterest.com\/es\/privacy-policy\">https:\/\/policy.pinterest.com\/es\/privacy-policy<\/a><br \/>LinkedIn : <a href=\"https:\/\/www.linkedin.com\/legal\/cookie-policy?trk=hp-cookies\">https:\/\/www.linkedin.com\/legal\/cookie-policy?trk=hp-cookies<\/a><\/p><p><strong>D\u00e9sactiver, refuser et supprimer les cookies<\/strong><\/p><p>L\u2019Utilisateur peut d\u00e9sactiver, refuser et supprimer les cookies \u2014 totalement ou partiellement \u2014 install\u00e9s sur son appareil via les param\u00e8tres de son navigateur (tels que, par exemple, Chrome, Firefox, Safari, Explorer). \u00c0 cet \u00e9gard, les proc\u00e9dures pour refuser et supprimer les cookies peuvent diff\u00e9rer d\u2019un navigateur \u00e0 un autre. Par cons\u00e9quent, l\u2019Utilisateur doit se r\u00e9f\u00e9rer aux instructions fournies par le navigateur Internet qu\u2019il utilise.<\/p><p>Dans le cas o\u00f9 il refuserait l\u2019utilisation des cookies \u2014 totalement ou partiellement \u2014 il pourra continuer \u00e0 utiliser le Site Web, bien que certaines fonctionnalit\u00e9s puissent \u00eatre limit\u00e9es.<\/p><p>Ce document de Politique de Cookies a \u00e9t\u00e9 cr\u00e9\u00e9 \u00e0 l\u2019aide du g\u00e9n\u00e9rateur gratuit en ligne de mod\u00e8le de politique de cookies le 17\/07\/2024.<\/p><p>\u00a0<\/p>\t\t\t\t\t\t\t\t<\/div>\n\t\t\t\t<\/div>\n\t\t\t\t\t<\/div>\n\t\t\t\t<\/div>\n\t\t\t\t<\/div>\n\t\t","protected":false},"excerpt":{"rendered":"<p>POLITIQUE DE COOKIES L\u2019acc\u00e8s \u00e0 ce Site Web peut impliquer l\u2019utilisation de cookies. Les cookies sont de petites quantit\u00e9s d\u2019informations stock\u00e9es dans le navigateur utilis\u00e9 par chaque Utilisateur \u2014 sur les diff\u00e9rents appareils qu\u2019il peut utiliser pour naviguer \u2014 afin que le serveur se souvienne de certaines informations que seul le serveur qui les a [&hellip;]<\/p>\n","protected":false},"author":1,"featured_media":0,"parent":0,"menu_order":0,"comment_status":"closed","ping_status":"closed","template":"elementor_header_footer","meta":{"footnotes":""},"class_list":["post-72","page","type-page","status-publish","hentry"],"yoast_head":"<!-- This site is optimized with the Yoast SEO plugin v27.2 - https:\/\/yoast.com\/product\/yoast-seo-wordpress\/ -->\n<title>Politique de cookies - Hotel Sant Joan<\/title>\n<meta name=\"robots\" content=\"noindex, nofollow\" \/>\n<meta property=\"og:locale\" content=\"es_ES\" \/>\n<meta property=\"og:type\" content=\"article\" \/>\n<meta property=\"og:title\" content=\"Politique de cookies - Hotel Sant Joan\" \/>\n<meta property=\"og:description\" content=\"POLITIQUE DE COOKIES L\u2019acc\u00e8s \u00e0 ce Site Web peut impliquer l\u2019utilisation de cookies. Les cookies sont de petites quantit\u00e9s d\u2019informations stock\u00e9es dans le navigateur utilis\u00e9 par chaque Utilisateur \u2014 sur les diff\u00e9rents appareils qu\u2019il peut utiliser pour naviguer \u2014 afin que le serveur se souvienne de certaines informations que seul le serveur qui les a [&hellip;]\" \/>\n<meta property=\"og:url\" content=\"https:\/\/hotelsantjoan.com\/fr\/politique-de-cookies\/\" \/>\n<meta property=\"og:site_name\" content=\"Hotel Sant Joan\" \/>\n<meta property=\"article:modified_time\" content=\"2026-03-02T13:52:20+00:00\" \/>\n<meta name=\"twitter:card\" content=\"summary_large_image\" \/>\n<meta name=\"twitter:label1\" content=\"Tiempo de lectura\" \/>\n\t<meta name=\"twitter:data1\" content=\"4 minutos\" \/>\n<script type=\"application\/ld+json\" class=\"yoast-schema-graph\">{\"@context\":\"https:\/\/schema.org\",\"@graph\":[{\"@type\":\"WebPage\",\"@id\":\"https:\/\/hotelsantjoan.com\/fr\/politique-de-cookies\/\",\"url\":\"https:\/\/hotelsantjoan.com\/fr\/politique-de-cookies\/\",\"name\":\"Politique de cookies - Hotel Sant Joan\",\"isPartOf\":{\"@id\":\"https:\/\/hotelsantjoan.com\/fr\/#website\"},\"datePublished\":\"2024-07-17T09:08:17+00:00\",\"dateModified\":\"2026-03-02T13:52:20+00:00\",\"breadcrumb\":{\"@id\":\"https:\/\/hotelsantjoan.com\/fr\/politique-de-cookies\/#breadcrumb\"},\"inLanguage\":\"es\",\"potentialAction\":[{\"@type\":\"ReadAction\",\"target\":[\"https:\/\/hotelsantjoan.com\/fr\/politique-de-cookies\/\"]}]},{\"@type\":\"BreadcrumbList\",\"@id\":\"https:\/\/hotelsantjoan.com\/fr\/politique-de-cookies\/#breadcrumb\",\"itemListElement\":[{\"@type\":\"ListItem\",\"position\":1,\"name\":\"Portada\",\"item\":\"https:\/\/hotelsantjoan.com\/fr\/\"},{\"@type\":\"ListItem\",\"position\":2,\"name\":\"Politique de cookies\"}]},{\"@type\":\"WebSite\",\"@id\":\"https:\/\/hotelsantjoan.com\/fr\/#website\",\"url\":\"https:\/\/hotelsantjoan.com\/fr\/\",\"name\":\"Hotel Sant Joan\",\"description\":\"Mas\u00eda en Palam\u00f3s\",\"publisher\":{\"@id\":\"https:\/\/hotelsantjoan.com\/fr\/#organization\"},\"potentialAction\":[{\"@type\":\"SearchAction\",\"target\":{\"@type\":\"EntryPoint\",\"urlTemplate\":\"https:\/\/hotelsantjoan.com\/fr\/?s={search_term_string}\"},\"query-input\":{\"@type\":\"PropertyValueSpecification\",\"valueRequired\":true,\"valueName\":\"search_term_string\"}}],\"inLanguage\":\"es\"},{\"@type\":\"Organization\",\"@id\":\"https:\/\/hotelsantjoan.com\/fr\/#organization\",\"name\":\"Hotel Sant Joan\",\"url\":\"https:\/\/hotelsantjoan.com\/fr\/\",\"logo\":{\"@type\":\"ImageObject\",\"inLanguage\":\"es\",\"@id\":\"https:\/\/hotelsantjoan.com\/fr\/#\/schema\/logo\/image\/\",\"url\":\"https:\/\/hotelsantjoan.com\/fr\/wp-content\/uploads\/sites\/4\/Logotipo-Hotel-Sant-Joan-azul.webp\",\"contentUrl\":\"https:\/\/hotelsantjoan.com\/fr\/wp-content\/uploads\/sites\/4\/Logotipo-Hotel-Sant-Joan-azul.webp\",\"width\":400,\"height\":160,\"caption\":\"Hotel Sant Joan\"},\"image\":{\"@id\":\"https:\/\/hotelsantjoan.com\/fr\/#\/schema\/logo\/image\/\"}}]}<\/script>\n<!-- \/ Yoast SEO plugin. -->","yoast_head_json":{"title":"Politique de cookies - Hotel Sant Joan","robots":{"index":"noindex","follow":"nofollow"},"og_locale":"es_ES","og_type":"article","og_title":"Politique de cookies - Hotel Sant Joan","og_description":"POLITIQUE DE COOKIES L\u2019acc\u00e8s \u00e0 ce Site Web peut impliquer l\u2019utilisation de cookies. Les cookies sont de petites quantit\u00e9s d\u2019informations stock\u00e9es dans le navigateur utilis\u00e9 par chaque Utilisateur \u2014 sur les diff\u00e9rents appareils qu\u2019il peut utiliser pour naviguer \u2014 afin que le serveur se souvienne de certaines informations que seul le serveur qui les a [&hellip;]","og_url":"https:\/\/hotelsantjoan.com\/fr\/politique-de-cookies\/","og_site_name":"Hotel Sant Joan","article_modified_time":"2026-03-02T13:52:20+00:00","twitter_card":"summary_large_image","twitter_misc":{"Tiempo de lectura":"4 minutos"},"schema":{"@context":"https:\/\/schema.org","@graph":[{"@type":"WebPage","@id":"https:\/\/hotelsantjoan.com\/fr\/politique-de-cookies\/","url":"https:\/\/hotelsantjoan.com\/fr\/politique-de-cookies\/","name":"Politique de cookies - Hotel Sant Joan","isPartOf":{"@id":"https:\/\/hotelsantjoan.com\/fr\/#website"},"datePublished":"2024-07-17T09:08:17+00:00","dateModified":"2026-03-02T13:52:20+00:00","breadcrumb":{"@id":"https:\/\/hotelsantjoan.com\/fr\/politique-de-cookies\/#breadcrumb"},"inLanguage":"es","potentialAction":[{"@type":"ReadAction","target":["https:\/\/hotelsantjoan.com\/fr\/politique-de-cookies\/"]}]},{"@type":"BreadcrumbList","@id":"https:\/\/hotelsantjoan.com\/fr\/politique-de-cookies\/#breadcrumb","itemListElement":[{"@type":"ListItem","position":1,"name":"Portada","item":"https:\/\/hotelsantjoan.com\/fr\/"},{"@type":"ListItem","position":2,"name":"Politique de cookies"}]},{"@type":"WebSite","@id":"https:\/\/hotelsantjoan.com\/fr\/#website","url":"https:\/\/hotelsantjoan.com\/fr\/","name":"Hotel Sant Joan","description":"Mas\u00eda en Palam\u00f3s","publisher":{"@id":"https:\/\/hotelsantjoan.com\/fr\/#organization"},"potentialAction":[{"@type":"SearchAction","target":{"@type":"EntryPoint","urlTemplate":"https:\/\/hotelsantjoan.com\/fr\/?s={search_term_string}"},"query-input":{"@type":"PropertyValueSpecification","valueRequired":true,"valueName":"search_term_string"}}],"inLanguage":"es"},{"@type":"Organization","@id":"https:\/\/hotelsantjoan.com\/fr\/#organization","name":"Hotel Sant Joan","url":"https:\/\/hotelsantjoan.com\/fr\/","logo":{"@type":"ImageObject","inLanguage":"es","@id":"https:\/\/hotelsantjoan.com\/fr\/#\/schema\/logo\/image\/","url":"https:\/\/hotelsantjoan.com\/fr\/wp-content\/uploads\/sites\/4\/Logotipo-Hotel-Sant-Joan-azul.webp","contentUrl":"https:\/\/hotelsantjoan.com\/fr\/wp-content\/uploads\/sites\/4\/Logotipo-Hotel-Sant-Joan-azul.webp","width":400,"height":160,"caption":"Hotel Sant Joan"},"image":{"@id":"https:\/\/hotelsantjoan.com\/fr\/#\/schema\/logo\/image\/"}}]}},"_links":{"self":[{"href":"https:\/\/hotelsantjoan.com\/fr\/wp-json\/wp\/v2\/pages\/72","targetHints":{"allow":["GET"]}}],"collection":[{"href":"https:\/\/hotelsantjoan.com\/fr\/wp-json\/wp\/v2\/pages"}],"about":[{"href":"https:\/\/hotelsantjoan.com\/fr\/wp-json\/wp\/v2\/types\/page"}],"author":[{"embeddable":true,"href":"https:\/\/hotelsantjoan.com\/fr\/wp-json\/wp\/v2\/users\/1"}],"replies":[{"embeddable":true,"href":"https:\/\/hotelsantjoan.com\/fr\/wp-json\/wp\/v2\/comments?post=72"}],"version-history":[{"count":9,"href":"https:\/\/hotelsantjoan.com\/fr\/wp-json\/wp\/v2\/pages\/72\/revisions"}],"predecessor-version":[{"id":3307,"href":"https:\/\/hotelsantjoan.com\/fr\/wp-json\/wp\/v2\/pages\/72\/revisions\/3307"}],"wp:attachment":[{"href":"https:\/\/hotelsantjoan.com\/fr\/wp-json\/wp\/v2\/media?parent=72"}],"curies":[{"name":"wp","href":"https:\/\/api.w.org\/{rel}","templated":true}]}}