{"id":67,"date":"2024-07-17T11:04:24","date_gmt":"2024-07-17T09:04:24","guid":{"rendered":"https:\/\/hotelsantjoan.com\/?page_id=67"},"modified":"2026-03-02T14:49:37","modified_gmt":"2026-03-02T13:49:37","slug":"avertissement-legal","status":"publish","type":"page","link":"https:\/\/hotelsantjoan.com\/fr\/avertissement-legal\/","title":{"rendered":"Avertissement l\u00e9gal"},"content":{"rendered":"\t\t<div data-elementor-type=\"wp-page\" data-elementor-id=\"67\" class=\"elementor elementor-67\" data-elementor-post-type=\"page\">\n\t\t\t\t<div class=\"elementor-element elementor-element-26f6002 e-flex e-con-boxed e-con e-parent\" data-id=\"26f6002\" data-element_type=\"container\" data-e-type=\"container\">\n\t\t\t\t\t<div class=\"e-con-inner\">\n\t\t<div class=\"elementor-element elementor-element-36ce598 e-con-full e-flex e-con e-child\" data-id=\"36ce598\" data-element_type=\"container\" data-e-type=\"container\">\n\t\t\t\t<div class=\"elementor-element elementor-element-f0be4bc elementor-widget elementor-widget-text-editor\" data-id=\"f0be4bc\" data-element_type=\"widget\" data-e-type=\"widget\" data-widget_type=\"text-editor.default\">\n\t\t\t\t\t\t\t\t\t<p><strong>MENTIONS L\u00c9GALES ET CONDITIONS G\u00c9N\u00c9RALES D\u2019UTILISATION<\/strong><\/p>hotelsantjoan.com<p><strong>INFORMATIONS G\u00c9N\u00c9RALES<\/strong><\/p><p>Conform\u00e9ment \u00e0 l\u2019obligation d\u2019information pr\u00e9vue par la Loi 34\/2002 du 11 juillet relative aux Services de la Soci\u00e9t\u00e9 de l\u2019Information et du Commerce \u00c9lectronique (LSSI-CE), les informations g\u00e9n\u00e9rales suivantes concernant ce site web sont fournies ci-dessous :<\/p><p>La titularit\u00e9 de ce site web, hotelsantjoan.com, (ci-apr\u00e8s, le \u00ab Site Web \u00bb) appartient \u00e0 : , avec NIF : , et dont les coordonn\u00e9es sont :<\/p><p>La titularit\u00e9 de ce site web, hotelsantjoan.com, (ci-apr\u00e8s, le \u00ab Site Web \u00bb) appartient \u00e0 : Hotel Sant Joan de Palam\u00f3s, titulaire du NIF : B17608373 et inscrit(e) au :  avec les donn\u00e9es d\u2019enregistrement suivantes :<br \/>, dont le repr\u00e9sentant est : Merche de Lucas Calvo, et dont les coordonn\u00e9es sont :<\/p><p>Adresse : Av. del Allibertat 79 17230 Palam\u00f3s, Girona<\/p><p>T\u00e9l\u00e9phone de contact : 972314208<\/p><p>Fax :<\/p><p>Email de contact : Hotel Sant Joan Palam\u00f3s<\/p><p><strong>CONDITIONS G\u00c9N\u00c9RALES D\u2019UTILISATION<\/strong><\/p><p>Objet des conditions : Le Site Web<\/p><p>Les pr\u00e9sentes Conditions G\u00e9n\u00e9rales d\u2019Utilisation (ci-apr\u00e8s, les \u00ab Conditions \u00bb) ont pour objet de r\u00e9gir l\u2019acc\u00e8s et l\u2019utilisation du Site Web. Aux fins des pr\u00e9sentes Conditions, on entend par Site Web : l\u2019apparence externe des interfaces d\u2019\u00e9cran, tant de mani\u00e8re statique que dynamique, c\u2019est-\u00e0-dire l\u2019arborescence de navigation ; ainsi que tous les \u00e9l\u00e9ments int\u00e9gr\u00e9s aux interfaces d\u2019\u00e9cran et \u00e0 l\u2019arborescence de navigation (ci-apr\u00e8s, les \u00ab Contenus \u00bb) et tous les services ou ressources en ligne \u00e9ventuellement propos\u00e9s aux Utilisateurs (ci-apr\u00e8s, les \u00ab Services \u00bb).<\/p><p>Hotel Sant Joan de Palam\u00f3s se r\u00e9serve le droit de modifier, \u00e0 tout moment et sans pr\u00e9avis, la pr\u00e9sentation et la configuration du Site Web ainsi que les Contenus et Services qui pourraient y \u00eatre int\u00e9gr\u00e9s. L\u2019Utilisateur reconna\u00eet et accepte que Hotel Sant Joan de Palam\u00f3s puisse \u00e0 tout moment interrompre, d\u00e9sactiver et\/ou annuler l\u2019un quelconque de ces \u00e9l\u00e9ments int\u00e9gr\u00e9s au Site Web ou l\u2019acc\u00e8s \u00e0 ceux-ci.<\/p><p>L\u2019acc\u00e8s au Site Web par l\u2019Utilisateur est libre et, en r\u00e8gle g\u00e9n\u00e9rale, gratuit, sans que l\u2019Utilisateur n\u2019ait \u00e0 fournir une contrepartie pour en b\u00e9n\u00e9ficier, sauf en ce qui concerne le co\u00fbt de connexion via le r\u00e9seau de t\u00e9l\u00e9communications fourni par le fournisseur d\u2019acc\u00e8s contract\u00e9 par l\u2019Utilisateur.<\/p><p>Outre le co\u00fbt de connexion au r\u00e9seau de t\u00e9l\u00e9communications fourni par le fournisseur d\u2019acc\u00e8s contract\u00e9 par l\u2019Utilisateur, certains Contenus ou Services propos\u00e9s par Hotel Sant Joan de Palam\u00f3s ou, le cas \u00e9ch\u00e9ant, par des tiers via le Site Web peuvent \u00eatre soumis \u00e0 une souscription pr\u00e9alable. Dans ce cas, les Conditions G\u00e9n\u00e9rales ou Particuli\u00e8res correspondantes seront clairement sp\u00e9cifi\u00e9es et\/ou mises \u00e0 la disposition de l\u2019Utilisateur.<\/p><p>L\u2019utilisation de certains Contenus ou Services du Site Web pourra n\u00e9cessiter une souscription ou un enregistrement pr\u00e9alable de l\u2019Utilisateur.<\/p><p>L\u2019utilisation des Contenus ne requiert aucune souscription ou enregistrement pr\u00e9alable.<\/p><p>L\u2019Utilisateur<\/p><p>L\u2019acc\u00e8s, la navigation et l\u2019utilisation du Site Web, ainsi que des espaces permettant l\u2019interaction entre les Utilisateurs et entre l\u2019Utilisateur et Hotel Sant Joan de Palam\u00f3s, tels que les commentaires et\/ou espaces de blog, conf\u00e8rent la qualit\u00e9 d\u2019Utilisateur. D\u00e8s le d\u00e9but de la navigation sur le Site Web, toutes les Conditions ici \u00e9tablies ainsi que leurs modifications ult\u00e9rieures sont accept\u00e9es, sans pr\u00e9judice de l\u2019application de la l\u00e9gislation obligatoire applicable selon le cas. Compte tenu de l\u2019importance de ce qui pr\u00e9c\u00e8de, il est recommand\u00e9 \u00e0 l\u2019Utilisateur de les lire \u00e0 chaque visite du Site Web.<\/p><p>Le Site Web de Hotel Sant Joan de Palam\u00f3s propose une grande diversit\u00e9 d\u2019informations, de services et de donn\u00e9es. L\u2019Utilisateur assume la responsabilit\u00e9 d\u2019une utilisation correcte du Site Web. Cette responsabilit\u00e9 s\u2019\u00e9tendra \u00e0 :<\/p><ul><li>Une utilisation des informations, Contenus et\/ou Services et donn\u00e9es propos\u00e9s par Hotel Sant Joan de Palam\u00f3s conforme aux pr\u00e9sentes Conditions, \u00e0 la loi, aux bonnes m\u0153urs et \u00e0 l\u2019ordre public, et qui ne porte pas atteinte aux droits de tiers ni au bon fonctionnement du Site Web.<\/li><li>La v\u00e9racit\u00e9 et la l\u00e9galit\u00e9 des informations fournies par l\u2019Utilisateur dans les formulaires mis \u00e0 disposition par Hotel Sant Joan de Palam\u00f3s pour l\u2019acc\u00e8s \u00e0 certains Contenus ou Services propos\u00e9s par le Site Web. Dans tous les cas, l\u2019Utilisateur notifiera imm\u00e9diatement Hotel Sant Joan de Palam\u00f3s de tout fait permettant une utilisation abusive des informations enregistr\u00e9es dans ces formulaires, tels que, sans s\u2019y limiter, le vol, la perte ou l\u2019acc\u00e8s non autoris\u00e9 aux identifiants et\/ou mots de passe, afin de proc\u00e9der \u00e0 leur annulation imm\u00e9diate.<\/li><\/ul><p>Hotel Sant Joan de Palam\u00f3s se r\u00e9serve le droit de retirer tous les commentaires et contributions qui violent la loi, portent atteinte \u00e0 la dignit\u00e9 de la personne, sont discriminatoires, x\u00e9nophobes, racistes, pornographiques, constituent du spam, portent atteinte \u00e0 la jeunesse ou \u00e0 l\u2019enfance, \u00e0 l\u2019ordre ou \u00e0 la s\u00e9curit\u00e9 publique ou qui, \u00e0 son avis, ne seraient pas appropri\u00e9s \u00e0 la publication.<\/p><p>En tout \u00e9tat de cause, Hotel Sant Joan de Palam\u00f3s ne sera pas responsable des opinions exprim\u00e9es par les Utilisateurs via des commentaires ou autres outils de blog ou de participation.<\/p><p>Le simple acc\u00e8s \u00e0 ce Site Web n\u2019implique l\u2019\u00e9tablissement d\u2019aucune relation commerciale entre Hotel Sant Joan de Palam\u00f3s et l\u2019Utilisateur.<\/p><p>L\u2019Utilisateur d\u00e9clare \u00eatre majeur et disposer de la capacit\u00e9 juridique suffisante pour \u00eatre li\u00e9 par les pr\u00e9sentes Conditions. Par cons\u00e9quent, ce Site Web de Hotel Sant Joan de Palam\u00f3s ne s\u2019adresse pas aux mineurs. Hotel Sant Joan de Palam\u00f3s d\u00e9cline toute responsabilit\u00e9 en cas de non-respect de cette exigence.<\/p><p>Dans le respect de la l\u00e9gislation en vigueur, ce Site Web de Hotel Sant Joan de Palam\u00f3s s\u2019adresse \u00e0 toutes les personnes, sans distinction d\u2019\u00e2ge, pouvant acc\u00e9der et\/ou naviguer sur ses pages.<\/p><p>Le Site Web s\u2019adresse principalement aux Utilisateurs r\u00e9sidant en . Hotel Sant Joan de Palam\u00f3s ne garantit pas que le Site Web soit conforme aux l\u00e9gislations d\u2019autres pays, en tout ou en partie. Si l\u2019Utilisateur r\u00e9side ou est domicili\u00e9 ailleurs et d\u00e9cide d\u2019acc\u00e9der et\/ou de naviguer sur le Site Web, il le fera sous sa propre responsabilit\u00e9 et devra s\u2019assurer que cet acc\u00e8s et cette navigation respectent la l\u00e9gislation locale applicable, Hotel Sant Joan de Palam\u00f3s n\u2019assumant aucune responsabilit\u00e9 \u00e0 cet \u00e9gard.<\/p><p><strong>III. ACC\u00c8S ET NAVIGATION SUR LE SITE WEB : EXCLUSION DE GARANTIES ET RESPONSABILIT\u00c9<\/strong><\/p><p>Hotel Sant Joan de Palam\u00f3s ne garantit pas la continuit\u00e9, la disponibilit\u00e9 et l\u2019utilit\u00e9 du Site Web, ni des Contenus ou Services. Hotel Sant Joan de Palam\u00f3s fera tout son possible pour assurer le bon fonctionnement du Site Web ; toutefois, elle ne garantit pas que l\u2019acc\u00e8s au Site Web sera ininterrompu ou exempt d\u2019erreurs.<\/p><p>Elle ne garantit pas non plus que le contenu ou le logiciel accessible via ce Site Web soit exempt d\u2019erreurs ou cause un dommage au syst\u00e8me informatique (logiciel et mat\u00e9riel) de l\u2019Utilisateur. En aucun cas, Hotel Sant Joan de Palam\u00f3s ne sera responsable des pertes, dommages ou pr\u00e9judices de toute nature r\u00e9sultant de l\u2019acc\u00e8s, de la navigation et de l\u2019utilisation du Site Web, y compris, sans limitation, ceux caus\u00e9s aux syst\u00e8mes informatiques ou r\u00e9sultant de l\u2019introduction de virus.<\/p><p>Hotel Sant Joan de Palam\u00f3s ne saurait \u00eatre tenue responsable des dommages pouvant r\u00e9sulter d\u2019une utilisation inappropri\u00e9e du Site Web. Elle ne sera notamment en aucun cas responsable des pannes, interruptions, d\u00e9fauts ou d\u00e9faillances des t\u00e9l\u00e9communications pouvant survenir.<\/p><p><strong>POLITIQUE DE LIENS<\/strong><\/p><p>Il est inform\u00e9 que le Site Web de Hotel Sant Joan de Palam\u00f3s met ou peut mettre \u00e0 la disposition des Utilisateurs des moyens de liaison (tels que, entre autres, des liens, banni\u00e8res, boutons), des r\u00e9pertoires et des moteurs de recherche permettant aux Utilisateurs d\u2019acc\u00e9der \u00e0 des sites web appartenant \u00e0 et\/ou g\u00e9r\u00e9s par des tiers.<\/p><p>L\u2019installation de ces liens, r\u00e9pertoires et moteurs de recherche sur le Site Web a pour objet de faciliter aux Utilisateurs la recherche et l\u2019acc\u00e8s aux informations disponibles sur Internet, sans que cela puisse \u00eatre consid\u00e9r\u00e9 comme une suggestion, recommandation ou invitation \u00e0 les visiter.<\/p><p>Hotel Sant Joan de Palam\u00f3s n\u2019offre ni ne commercialise, par elle-m\u00eame ou par l\u2019interm\u00e9diaire de tiers, les produits et\/ou services disponibles sur les sites li\u00e9s.<\/p><p>Hotel Sant Joan de Palam\u00f3s propose des contenus sponsoris\u00e9s, des annonces et\/ou des liens d\u2019affiliation. Les informations figurant dans ces liens d\u2019affiliation ou dans les annonces ins\u00e9r\u00e9es sont fournies par les annonceurs eux-m\u00eames ; par cons\u00e9quent, Hotel Sant Joan de Palam\u00f3s ne saurait \u00eatre tenue responsable des \u00e9ventuelles inexactitudes ou erreurs qu\u2019ils pourraient contenir, ni garantir de quelque mani\u00e8re que ce soit l\u2019exp\u00e9rience, l\u2019int\u00e9grit\u00e9 ou la responsabilit\u00e9 des annonceurs, ni la qualit\u00e9 de leurs produits et\/ou services.<\/p><p>Elle ne garantit pas non plus la disponibilit\u00e9 technique, l\u2019exactitude, la v\u00e9racit\u00e9, la validit\u00e9 ou la l\u00e9galit\u00e9 des sites tiers auxquels il est possible d\u2019acc\u00e9der via les liens.<\/p><p>Hotel Sant Joan de Palam\u00f3s ne r\u00e9visera ni ne contr\u00f4lera en aucun cas le contenu d\u2019autres sites web, et n\u2019approuve, n\u2019examine ni ne fait siens les produits et services, contenus, fichiers et tout autre mat\u00e9riel existant sur lesdits sites li\u00e9s.<\/p><p>Hotel Sant Joan de Palam\u00f3s n\u2019assume aucune responsabilit\u00e9 pour les dommages et pr\u00e9judices pouvant r\u00e9sulter de l\u2019acc\u00e8s, de l\u2019utilisation, de la qualit\u00e9 ou de la l\u00e9galit\u00e9 des contenus, communications, opinions, produits et services des sites web non g\u00e9r\u00e9s par Hotel Sant Joan de Palam\u00f3s et qui sont li\u00e9s sur ce Site Web.<\/p><p>L\u2019Utilisateur ou le tiers qui r\u00e9alise un hyperlien depuis une page web d\u2019un autre site web vers le Site Web de Hotel Sant Joan de Palam\u00f3s doit savoir que :<\/p><ul><li>La reproduction \u2014 totale ou partielle \u2014 de l\u2019un quelconque des Contenus et\/ou Services du Site Web n\u2019est pas autoris\u00e9e sans l\u2019autorisation expresse de Hotel Sant Joan de Palam\u00f3s.<\/li><li>Aucune d\u00e9claration fausse, inexacte ou incorrecte concernant le Site Web de Hotel Sant Joan de Palam\u00f3s, ni concernant ses Contenus et\/ou Services, n\u2019est autoris\u00e9e.<\/li><li>\u00c0 l\u2019exception de l\u2019hyperlien, le site web sur lequel cet hyperlien est \u00e9tabli ne pourra contenir aucun \u00e9l\u00e9ment de ce Site Web prot\u00e9g\u00e9 en tant que propri\u00e9t\u00e9 intellectuelle par le droit espagnol, sauf autorisation expresse de Hotel Sant Joan de Palam\u00f3s.<\/li><\/ul><p>L\u2019\u00e9tablissement de l\u2019hyperlien n\u2019implique pas l\u2019existence de relations entre Hotel Sant Joan de Palam\u00f3s et le titulaire du site web \u00e0 partir duquel il est r\u00e9alis\u00e9, ni la connaissance et l\u2019acceptation par Hotel Sant Joan de Palam\u00f3s des contenus, services et\/ou activit\u00e9s propos\u00e9s sur ce site web, et inversement.<\/p><p><strong>PROPRI\u00c9T\u00c9 INTELLECTUELLE ET INDUSTRIELLE<\/strong><\/p><p>Hotel Sant Joan de Palam\u00f3s, en son nom propre ou en tant que cessionnaire, est titulaire de tous les droits de propri\u00e9t\u00e9 intellectuelle et industrielle du Site Web, ainsi que des \u00e9l\u00e9ments qu\u2019il contient (\u00e0 titre indicatif et non exhaustif : images, sons, audio, vid\u00e9o, logiciels ou textes, marques ou logos, combinaisons de couleurs, structure et conception, s\u00e9lection des mat\u00e9riaux utilis\u00e9s, programmes informatiques n\u00e9cessaires \u00e0 son fonctionnement, \u00e0 son acc\u00e8s et \u00e0 son utilisation, etc.). Ils constituent, par cons\u00e9quent, des \u0153uvres prot\u00e9g\u00e9es en tant que propri\u00e9t\u00e9 intellectuelle par le droit espagnol, et sont soumis tant \u00e0 la r\u00e9glementation espagnole et communautaire applicable en la mati\u00e8re qu\u2019aux trait\u00e9s internationaux relatifs \u00e0 ce domaine et sign\u00e9s par l\u2019Espagne.<\/p><p>Tous droits r\u00e9serv\u00e9s. Conform\u00e9ment aux dispositions de la Loi sur la Propri\u00e9t\u00e9 Intellectuelle, sont express\u00e9ment interdites la reproduction, la distribution et la communication publique, y compris la mise \u00e0 disposition, de la totalit\u00e9 ou d\u2019une partie des contenus de ce site web, \u00e0 des fins commerciales, sur tout support et par tout moyen technique, sans l\u2019autorisation de Hotel Sant Joan de Palam\u00f3s.<\/p><p>L\u2019Utilisateur s\u2019engage \u00e0 respecter les droits de propri\u00e9t\u00e9 intellectuelle et industrielle de Hotel Sant Joan de Palam\u00f3s. Il pourra visualiser les \u00e9l\u00e9ments du Site Web, voire les imprimer, les copier et les stocker sur le disque dur de son ordinateur ou sur tout autre support physique, \u00e0 condition que ce soit exclusivement pour son usage personnel. Toutefois, l\u2019Utilisateur ne pourra supprimer, alt\u00e9rer ou manipuler tout dispositif de protection ou syst\u00e8me de s\u00e9curit\u00e9 install\u00e9 sur le Site Web.<\/p><p>Dans le cas o\u00f9 l\u2019Utilisateur ou un tiers consid\u00e9rerait qu\u2019un des Contenus du Site Web constitue une violation des droits de protection de la propri\u00e9t\u00e9 intellectuelle, il devra en informer imm\u00e9diatement Hotel Sant Joan de Palam\u00f3s par le biais des coordonn\u00e9es figurant dans la section INFORMATIONS G\u00c9N\u00c9RALES des pr\u00e9sentes Mentions L\u00e9gales et Conditions G\u00e9n\u00e9rales d\u2019Utilisation.<\/p><p><strong>ACTIONS L\u00c9GALES, L\u00c9GISLATION APPLICABLE ET JURIDICTION<\/strong><\/p><p>Hotel Sant Joan de Palam\u00f3s se r\u00e9serve le droit d\u2019engager les actions civiles ou p\u00e9nales qu\u2019elle jugera n\u00e9cessaires en cas d\u2019utilisation abusive du Site Web et des Contenus, ou de non-respect des pr\u00e9sentes Conditions.<\/p><p>La relation entre l\u2019Utilisateur et Alojamientos tur\u00edsticos sera r\u00e9gie par la r\u00e9glementation en vigueur et applicable sur le territoire espagnol. En cas de litige relatif \u00e0 l\u2019interpr\u00e9tation et\/ou \u00e0 l\u2019application des pr\u00e9sentes Conditions, les parties soumettront leurs diff\u00e9rends \u00e0 la juridiction ordinaire et aux juges et tribunaux comp\u00e9tents conform\u00e9ment au droit applicable.<\/p><p>Le pr\u00e9sent document de Mentions L\u00e9gales et Conditions G\u00e9n\u00e9rales d\u2019Utilisation du site web a \u00e9t\u00e9 cr\u00e9\u00e9 au moyen du g\u00e9n\u00e9rateur de mod\u00e8le de mentions l\u00e9gales et conditions d\u2019utilisation en ligne le 17\/07\/2024.<\/p><p>\u00a0<\/p><p>\u00a0<\/p><p>\u00a0<\/p>\t\t\t\t\t\t\t\t<\/div>\n\t\t\t\t<\/div>\n\t\t\t\t\t<\/div>\n\t\t\t\t<\/div>\n\t\t\t\t<\/div>\n\t\t","protected":false},"excerpt":{"rendered":"<p>MENTIONS L\u00c9GALES ET CONDITIONS G\u00c9N\u00c9RALES D\u2019UTILISATION INFORMATIONS G\u00c9N\u00c9RALES Conform\u00e9ment \u00e0 l\u2019obligation d\u2019information pr\u00e9vue par la Loi 34\/2002 du 11 juillet relative aux Services de la Soci\u00e9t\u00e9 de l\u2019Information et du Commerce \u00c9lectronique (LSSI-CE), les informations g\u00e9n\u00e9rales suivantes concernant ce site web sont fournies ci-dessous : La titularit\u00e9 de ce site web, , (ci-apr\u00e8s, le \u00ab [&hellip;]<\/p>\n","protected":false},"author":1,"featured_media":0,"parent":0,"menu_order":0,"comment_status":"closed","ping_status":"closed","template":"elementor_header_footer","meta":{"footnotes":""},"class_list":["post-67","page","type-page","status-publish","hentry"],"yoast_head":"<!-- This site is optimized with the Yoast SEO plugin v27.2 - https:\/\/yoast.com\/product\/yoast-seo-wordpress\/ -->\n<title>Avertissement l\u00e9gal - Hotel Sant Joan<\/title>\n<meta name=\"robots\" content=\"noindex, nofollow\" \/>\n<meta property=\"og:locale\" content=\"es_ES\" \/>\n<meta property=\"og:type\" content=\"article\" \/>\n<meta property=\"og:title\" content=\"Avertissement l\u00e9gal - Hotel Sant Joan\" \/>\n<meta property=\"og:description\" content=\"MENTIONS L\u00c9GALES ET CONDITIONS G\u00c9N\u00c9RALES D\u2019UTILISATION INFORMATIONS G\u00c9N\u00c9RALES Conform\u00e9ment \u00e0 l\u2019obligation d\u2019information pr\u00e9vue par la Loi 34\/2002 du 11 juillet relative aux Services de la Soci\u00e9t\u00e9 de l\u2019Information et du Commerce \u00c9lectronique (LSSI-CE), les informations g\u00e9n\u00e9rales suivantes concernant ce site web sont fournies ci-dessous : La titularit\u00e9 de ce site web, , (ci-apr\u00e8s, le \u00ab [&hellip;]\" \/>\n<meta property=\"og:url\" content=\"https:\/\/hotelsantjoan.com\/fr\/avertissement-legal\/\" \/>\n<meta property=\"og:site_name\" content=\"Hotel Sant Joan\" \/>\n<meta property=\"article:modified_time\" content=\"2026-03-02T13:49:37+00:00\" \/>\n<meta name=\"twitter:card\" content=\"summary_large_image\" \/>\n<meta name=\"twitter:label1\" content=\"Tiempo de lectura\" \/>\n\t<meta name=\"twitter:data1\" content=\"9 minutos\" \/>\n<script type=\"application\/ld+json\" class=\"yoast-schema-graph\">{\"@context\":\"https:\/\/schema.org\",\"@graph\":[{\"@type\":\"WebPage\",\"@id\":\"https:\/\/hotelsantjoan.com\/fr\/avertissement-legal\/\",\"url\":\"https:\/\/hotelsantjoan.com\/fr\/avertissement-legal\/\",\"name\":\"Avertissement l\u00e9gal - Hotel Sant Joan\",\"isPartOf\":{\"@id\":\"https:\/\/hotelsantjoan.com\/fr\/#website\"},\"datePublished\":\"2024-07-17T09:04:24+00:00\",\"dateModified\":\"2026-03-02T13:49:37+00:00\",\"breadcrumb\":{\"@id\":\"https:\/\/hotelsantjoan.com\/fr\/avertissement-legal\/#breadcrumb\"},\"inLanguage\":\"es\",\"potentialAction\":[{\"@type\":\"ReadAction\",\"target\":[\"https:\/\/hotelsantjoan.com\/fr\/avertissement-legal\/\"]}]},{\"@type\":\"BreadcrumbList\",\"@id\":\"https:\/\/hotelsantjoan.com\/fr\/avertissement-legal\/#breadcrumb\",\"itemListElement\":[{\"@type\":\"ListItem\",\"position\":1,\"name\":\"Portada\",\"item\":\"https:\/\/hotelsantjoan.com\/fr\/\"},{\"@type\":\"ListItem\",\"position\":2,\"name\":\"Avertissement l\u00e9gal\"}]},{\"@type\":\"WebSite\",\"@id\":\"https:\/\/hotelsantjoan.com\/fr\/#website\",\"url\":\"https:\/\/hotelsantjoan.com\/fr\/\",\"name\":\"Hotel Sant Joan\",\"description\":\"Mas\u00eda en Palam\u00f3s\",\"publisher\":{\"@id\":\"https:\/\/hotelsantjoan.com\/fr\/#organization\"},\"potentialAction\":[{\"@type\":\"SearchAction\",\"target\":{\"@type\":\"EntryPoint\",\"urlTemplate\":\"https:\/\/hotelsantjoan.com\/fr\/?s={search_term_string}\"},\"query-input\":{\"@type\":\"PropertyValueSpecification\",\"valueRequired\":true,\"valueName\":\"search_term_string\"}}],\"inLanguage\":\"es\"},{\"@type\":\"Organization\",\"@id\":\"https:\/\/hotelsantjoan.com\/fr\/#organization\",\"name\":\"Hotel Sant Joan\",\"url\":\"https:\/\/hotelsantjoan.com\/fr\/\",\"logo\":{\"@type\":\"ImageObject\",\"inLanguage\":\"es\",\"@id\":\"https:\/\/hotelsantjoan.com\/fr\/#\/schema\/logo\/image\/\",\"url\":\"https:\/\/hotelsantjoan.com\/fr\/wp-content\/uploads\/sites\/4\/Logotipo-Hotel-Sant-Joan-azul.webp\",\"contentUrl\":\"https:\/\/hotelsantjoan.com\/fr\/wp-content\/uploads\/sites\/4\/Logotipo-Hotel-Sant-Joan-azul.webp\",\"width\":400,\"height\":160,\"caption\":\"Hotel Sant Joan\"},\"image\":{\"@id\":\"https:\/\/hotelsantjoan.com\/fr\/#\/schema\/logo\/image\/\"}}]}<\/script>\n<!-- \/ Yoast SEO plugin. -->","yoast_head_json":{"title":"Avertissement l\u00e9gal - Hotel Sant Joan","robots":{"index":"noindex","follow":"nofollow"},"og_locale":"es_ES","og_type":"article","og_title":"Avertissement l\u00e9gal - Hotel Sant Joan","og_description":"MENTIONS L\u00c9GALES ET CONDITIONS G\u00c9N\u00c9RALES D\u2019UTILISATION INFORMATIONS G\u00c9N\u00c9RALES Conform\u00e9ment \u00e0 l\u2019obligation d\u2019information pr\u00e9vue par la Loi 34\/2002 du 11 juillet relative aux Services de la Soci\u00e9t\u00e9 de l\u2019Information et du Commerce \u00c9lectronique (LSSI-CE), les informations g\u00e9n\u00e9rales suivantes concernant ce site web sont fournies ci-dessous : La titularit\u00e9 de ce site web, , (ci-apr\u00e8s, le \u00ab [&hellip;]","og_url":"https:\/\/hotelsantjoan.com\/fr\/avertissement-legal\/","og_site_name":"Hotel Sant Joan","article_modified_time":"2026-03-02T13:49:37+00:00","twitter_card":"summary_large_image","twitter_misc":{"Tiempo de lectura":"9 minutos"},"schema":{"@context":"https:\/\/schema.org","@graph":[{"@type":"WebPage","@id":"https:\/\/hotelsantjoan.com\/fr\/avertissement-legal\/","url":"https:\/\/hotelsantjoan.com\/fr\/avertissement-legal\/","name":"Avertissement l\u00e9gal - Hotel Sant Joan","isPartOf":{"@id":"https:\/\/hotelsantjoan.com\/fr\/#website"},"datePublished":"2024-07-17T09:04:24+00:00","dateModified":"2026-03-02T13:49:37+00:00","breadcrumb":{"@id":"https:\/\/hotelsantjoan.com\/fr\/avertissement-legal\/#breadcrumb"},"inLanguage":"es","potentialAction":[{"@type":"ReadAction","target":["https:\/\/hotelsantjoan.com\/fr\/avertissement-legal\/"]}]},{"@type":"BreadcrumbList","@id":"https:\/\/hotelsantjoan.com\/fr\/avertissement-legal\/#breadcrumb","itemListElement":[{"@type":"ListItem","position":1,"name":"Portada","item":"https:\/\/hotelsantjoan.com\/fr\/"},{"@type":"ListItem","position":2,"name":"Avertissement l\u00e9gal"}]},{"@type":"WebSite","@id":"https:\/\/hotelsantjoan.com\/fr\/#website","url":"https:\/\/hotelsantjoan.com\/fr\/","name":"Hotel Sant Joan","description":"Mas\u00eda en Palam\u00f3s","publisher":{"@id":"https:\/\/hotelsantjoan.com\/fr\/#organization"},"potentialAction":[{"@type":"SearchAction","target":{"@type":"EntryPoint","urlTemplate":"https:\/\/hotelsantjoan.com\/fr\/?s={search_term_string}"},"query-input":{"@type":"PropertyValueSpecification","valueRequired":true,"valueName":"search_term_string"}}],"inLanguage":"es"},{"@type":"Organization","@id":"https:\/\/hotelsantjoan.com\/fr\/#organization","name":"Hotel Sant Joan","url":"https:\/\/hotelsantjoan.com\/fr\/","logo":{"@type":"ImageObject","inLanguage":"es","@id":"https:\/\/hotelsantjoan.com\/fr\/#\/schema\/logo\/image\/","url":"https:\/\/hotelsantjoan.com\/fr\/wp-content\/uploads\/sites\/4\/Logotipo-Hotel-Sant-Joan-azul.webp","contentUrl":"https:\/\/hotelsantjoan.com\/fr\/wp-content\/uploads\/sites\/4\/Logotipo-Hotel-Sant-Joan-azul.webp","width":400,"height":160,"caption":"Hotel Sant Joan"},"image":{"@id":"https:\/\/hotelsantjoan.com\/fr\/#\/schema\/logo\/image\/"}}]}},"_links":{"self":[{"href":"https:\/\/hotelsantjoan.com\/fr\/wp-json\/wp\/v2\/pages\/67","targetHints":{"allow":["GET"]}}],"collection":[{"href":"https:\/\/hotelsantjoan.com\/fr\/wp-json\/wp\/v2\/pages"}],"about":[{"href":"https:\/\/hotelsantjoan.com\/fr\/wp-json\/wp\/v2\/types\/page"}],"author":[{"embeddable":true,"href":"https:\/\/hotelsantjoan.com\/fr\/wp-json\/wp\/v2\/users\/1"}],"replies":[{"embeddable":true,"href":"https:\/\/hotelsantjoan.com\/fr\/wp-json\/wp\/v2\/comments?post=67"}],"version-history":[{"count":5,"href":"https:\/\/hotelsantjoan.com\/fr\/wp-json\/wp\/v2\/pages\/67\/revisions"}],"predecessor-version":[{"id":3299,"href":"https:\/\/hotelsantjoan.com\/fr\/wp-json\/wp\/v2\/pages\/67\/revisions\/3299"}],"wp:attachment":[{"href":"https:\/\/hotelsantjoan.com\/fr\/wp-json\/wp\/v2\/media?parent=67"}],"curies":[{"name":"wp","href":"https:\/\/api.w.org\/{rel}","templated":true}]}}