{"id":61,"date":"2024-07-17T10:40:02","date_gmt":"2024-07-17T08:40:02","guid":{"rendered":"https:\/\/hotelsantjoan.com\/?page_id=61"},"modified":"2026-03-02T14:55:38","modified_gmt":"2026-03-02T13:55:38","slug":"politique-de-confidentialite","status":"publish","type":"page","link":"https:\/\/hotelsantjoan.com\/fr\/politique-de-confidentialite\/","title":{"rendered":"Politique de confidentialit\u00e9"},"content":{"rendered":"\t\t<div data-elementor-type=\"wp-page\" data-elementor-id=\"61\" class=\"elementor elementor-61\" data-elementor-post-type=\"page\">\n\t\t\t\t<div class=\"elementor-element elementor-element-5b67b6e e-flex e-con-boxed e-con e-parent\" data-id=\"5b67b6e\" data-element_type=\"container\" data-e-type=\"container\">\n\t\t\t\t\t<div class=\"e-con-inner\">\n\t\t<div class=\"elementor-element elementor-element-62bdc8e e-con-full e-flex e-con e-child\" data-id=\"62bdc8e\" data-element_type=\"container\" data-e-type=\"container\">\n\t\t\t\t<div class=\"elementor-element elementor-element-b614631 elementor-widget elementor-widget-text-editor\" data-id=\"b614631\" data-element_type=\"widget\" data-e-type=\"widget\" data-widget_type=\"text-editor.default\">\n\t\t\t\t\t\t\t\t\t<p><strong>POLITIQUE DE CONFIDENTIALIT\u00c9 DU SITE WEB<\/strong><\/p>hotelsantjoan.com<p><strong>POLITIQUE DE CONFIDENTIALIT\u00c9 ET DE PROTECTION DES DONN\u00c9ES<\/strong><\/p><p>Conform\u00e9ment \u00e0 la l\u00e9gislation en vigueur, Hotel Sant Joan de Palam\u00f3s (ci-apr\u00e8s \u00e9galement le \u00ab Site Web \u00bb) s\u2019engage \u00e0 adopter les mesures techniques et organisationnelles n\u00e9cessaires, en fonction du niveau de s\u00e9curit\u00e9 appropri\u00e9 au risque des donn\u00e9es collect\u00e9es.<\/p><p><strong>Lois applicables \u00e0 la pr\u00e9sente politique de confidentialit\u00e9<\/strong><\/p><p>La pr\u00e9sente politique de confidentialit\u00e9 est adapt\u00e9e \u00e0 la r\u00e9glementation espagnole et europ\u00e9enne en vigueur en mati\u00e8re de protection des donn\u00e9es personnelles sur Internet. Elle respecte notamment les normes suivantes :<\/p><ul><li>Le R\u00e8glement (UE) 2016\/679 du Parlement europ\u00e9en et du Conseil du 27 avril 2016 relatif \u00e0 la protection des personnes physiques \u00e0 l\u2019\u00e9gard du traitement des donn\u00e9es \u00e0 caract\u00e8re personnel et \u00e0 la libre circulation de ces donn\u00e9es (RGPD).<\/li><li>La Loi Organique 3\/2018 du 5 d\u00e9cembre relative \u00e0 la Protection des Donn\u00e9es Personnelles et \u00e0 la garantie des droits num\u00e9riques (LOPD-GDD).<\/li><li>Le D\u00e9cret Royal 1720\/2007 du 21 d\u00e9cembre approuvant le r\u00e8glement d\u2019application de la Loi Organique 15\/1999 du 13 d\u00e9cembre relative \u00e0 la protection des donn\u00e9es \u00e0 caract\u00e8re personnel (RDLOPD).<\/li><li>La Loi 34\/2002 du 11 juillet relative aux Services de la Soci\u00e9t\u00e9 de l\u2019Information et au Commerce \u00c9lectronique (LSSI-CE).<\/li><\/ul><p><strong>Identit\u00e9 du responsable du traitement des donn\u00e9es personnelles<\/strong><\/p><p>Le responsable du traitement des donn\u00e9es personnelles collect\u00e9es sur Hotel Sant Joan de Palam\u00f3s est : , avec NIF : (ci-apr\u00e8s, le \u00ab Responsable du traitement \u00bb). Ses coordonn\u00e9es sont les suivantes :<\/p><p>Le responsable du traitement des donn\u00e9es personnelles collect\u00e9es sur Hotel Sant Joan de Palam\u00f3s est : Hotel Sant Joan de Palam\u00f3s, titulaire du NIF\/CIF : B17608373 et inscrit(e) au :  avec les donn\u00e9es d\u2019enregistrement suivantes :<br \/>, dont le repr\u00e9sentant est : Merche de Lucas Calvo (ci-apr\u00e8s, le \u00ab Responsable du traitement \u00bb).<\/p><p>Ses coordonn\u00e9es sont les suivantes :<\/p><p>Adresse : Av. del Allibertat 79 17230 Palam\u00f3s, Girona<br \/>T\u00e9l\u00e9phone : 972314208<br \/>Fax :<br \/>Email : Hotel Sant Joan Palam\u00f3s<\/p><p><strong>Enregistrement des donn\u00e9es \u00e0 caract\u00e8re personnel<\/strong><\/p><p>Conform\u00e9ment au RGPD et \u00e0 la LOPD-GDD, nous vous informons que les donn\u00e9es personnelles collect\u00e9es par Hotel Sant Joan de Palam\u00f3s via les formulaires pr\u00e9sents sur ses pages seront int\u00e9gr\u00e9es et trait\u00e9es dans nos fichiers afin de faciliter, acc\u00e9l\u00e9rer et respecter les engagements \u00e9tablis entre Hotel Sant Joan de Palam\u00f3s et l\u2019Utilisateur ou pour maintenir la relation \u00e9tablie dans les formulaires remplis par ce dernier, ou pour r\u00e9pondre \u00e0 une demande ou consultation.<\/p><p>De m\u00eame, conform\u00e9ment au RGPD et \u00e0 la LOPD-GDD, sauf application de l\u2019exception pr\u00e9vue \u00e0 l\u2019article 30.5 du RGPD, un registre des activit\u00e9s de traitement est tenu, pr\u00e9cisant les finalit\u00e9s des traitements effectu\u00e9s et les autres circonstances pr\u00e9vues par le RGPD.<\/p><p><strong>Principes applicables au traitement des donn\u00e9es personnelles<\/strong><\/p><p>Le traitement des donn\u00e9es personnelles de l\u2019Utilisateur sera soumis aux principes suivants pr\u00e9vus \u00e0 l\u2019article 5 du RGPD et \u00e0 l\u2019article 4 et suivants de la Loi Organique 3\/2018 :<\/p><ul><li><strong>Principe de lic\u00e9it\u00e9, loyaut\u00e9 et transparence<\/strong> : le consentement de l\u2019Utilisateur sera requis apr\u00e8s information transparente sur les finalit\u00e9s de la collecte.<\/li><li><strong>Principe de limitation des finalit\u00e9s<\/strong> : les donn\u00e9es seront collect\u00e9es pour des finalit\u00e9s d\u00e9termin\u00e9es, explicites et l\u00e9gitimes.<\/li><li><strong>Principe de minimisation des donn\u00e9es<\/strong> : seules les donn\u00e9es strictement n\u00e9cessaires seront collect\u00e9es.<\/li><li><strong>Principe d\u2019exactitude<\/strong> : les donn\u00e9es doivent \u00eatre exactes et mises \u00e0 jour.<\/li><li><strong>Principe de limitation de la conservation<\/strong> : les donn\u00e9es ne seront conserv\u00e9es que le temps n\u00e9cessaire aux finalit\u00e9s du traitement.<\/li><li><strong>Principe d\u2019int\u00e9grit\u00e9 et de confidentialit\u00e9<\/strong> : les donn\u00e9es seront trait\u00e9es de mani\u00e8re \u00e0 garantir leur s\u00e9curit\u00e9.<\/li><li><strong>Principe de responsabilit\u00e9 proactive<\/strong> : le Responsable du traitement veille au respect de ces principes.<\/li><\/ul><p><strong>Cat\u00e9gories de donn\u00e9es personnelles<\/strong><\/p><p>Les cat\u00e9gories de donn\u00e9es trait\u00e9es sur Hotel Sant Joan de Palam\u00f3s sont uniquement des donn\u00e9es d\u2019identification. En aucun cas, des cat\u00e9gories particuli\u00e8res de donn\u00e9es personnelles au sens de l\u2019article 9 du RGPD ne sont trait\u00e9es.<\/p><p>Les cat\u00e9gories de donn\u00e9es trait\u00e9es sur Hotel Sant Joan de Palam\u00f3s comprennent des donn\u00e9es d\u2019identification ainsi que des cat\u00e9gories particuli\u00e8res de donn\u00e9es au sens de l\u2019article 9 du RGPD.<\/p><p>Les cat\u00e9gories particuli\u00e8res de donn\u00e9es sont celles r\u00e9v\u00e9lant l\u2019origine ethnique ou raciale, les opinions politiques, les convictions religieuses ou philosophiques, l\u2019appartenance syndicale, ainsi que les donn\u00e9es g\u00e9n\u00e9tiques, biom\u00e9triques, les donn\u00e9es relatives \u00e0 la sant\u00e9 ou \u00e0 la vie sexuelle ou \u00e0 l\u2019orientation sexuelle.<\/p><p>Le traitement de ces cat\u00e9gories particuli\u00e8res n\u00e9cessitera le consentement explicite de l\u2019Utilisateur pour une ou plusieurs finalit\u00e9s sp\u00e9cifiques.<\/p><p><strong>Base l\u00e9gale du traitement<\/strong><\/p><p>La base l\u00e9gale du traitement est le consentement. Hotel Sant Joan de Palam\u00f3s s\u2019engage \u00e0 obtenir le consentement explicite et v\u00e9rifiable de l\u2019Utilisateur pour une ou plusieurs finalit\u00e9s sp\u00e9cifiques.<\/p><p>L\u2019Utilisateur pourra retirer son consentement \u00e0 tout moment. Le retrait sera aussi simple que son octroi. En r\u00e8gle g\u00e9n\u00e9rale, le retrait du consentement ne conditionnera pas l\u2019utilisation du Site Web.<\/p><p><strong>Finalit\u00e9s du traitement<\/strong><\/p><p>Les donn\u00e9es personnelles sont collect\u00e9es afin de faciliter, acc\u00e9l\u00e9rer et respecter les engagements \u00e9tablis entre le Site Web et l\u2019Utilisateur ou pour maintenir la relation issue des formulaires remplis, ou r\u00e9pondre \u00e0 une demande.<\/p><p>Elles peuvent \u00e9galement \u00eatre utilis\u00e9es \u00e0 des fins commerciales de personnalisation, statistiques et d\u2019am\u00e9lioration des services, ainsi que pour adapter le contenu offert et am\u00e9liorer la qualit\u00e9 et la navigation du Site Web.<\/p><p>L\u2019Utilisateur sera inform\u00e9, au moment de la collecte, des finalit\u00e9s sp\u00e9cifiques du traitement.<\/p><p><strong>Dur\u00e9e de conservation<\/strong><\/p><p>Les donn\u00e9es personnelles seront conserv\u00e9es uniquement pendant la dur\u00e9e minimale n\u00e9cessaire aux finalit\u00e9s du traitement et, en tout \u00e9tat de cause, pendant : 0 jours,<br \/>ou jusqu\u2019\u00e0 ce que l\u2019Utilisateur demande leur suppression.<\/p><p>L\u2019Utilisateur sera inform\u00e9 de la dur\u00e9e de conservation ou des crit\u00e8res utilis\u00e9s pour la d\u00e9terminer.<\/p><p><strong>Destinataires des donn\u00e9es<\/strong><\/p><p>Les donn\u00e9es personnelles de l\u2019Utilisateur ne seront pas partag\u00e9es avec des tiers.<\/p><p>Le cas \u00e9ch\u00e9ant, l\u2019Utilisateur sera inform\u00e9 des destinataires ou cat\u00e9gories de destinataires.<\/p><p>En cas de transfert vers un pays tiers ou une organisation internationale, l\u2019Utilisateur sera inform\u00e9 de l\u2019existence ou non d\u2019une d\u00e9cision d\u2019ad\u00e9quation de la Commission europ\u00e9enne.<\/p><p><strong>Donn\u00e9es des mineurs<\/strong><\/p><p>Conform\u00e9ment \u00e0 l\u2019article 8 du RGPD et \u00e0 l\u2019article 7 de la Loi Organique 3\/2018, seuls les mineurs de plus de 14 ans peuvent consentir l\u00e9galement au traitement de leurs donn\u00e9es personnelles par Alojamientos tur\u00edsticos. Pour les mineurs de moins de 14 ans, le consentement des parents ou tuteurs sera requis.<\/p><p><strong>S\u00e9curit\u00e9 et confidentialit\u00e9<\/strong><\/p><p>Hotel Sant Joan de Palam\u00f3s adopte les mesures techniques et organisationnelles appropri\u00e9es pour garantir la s\u00e9curit\u00e9 des donn\u00e9es et \u00e9viter leur destruction, perte, alt\u00e9ration ou acc\u00e8s non autoris\u00e9.<\/p><p>Le Site Web dispose d\u2019un certificat SSL garantissant une transmission s\u00e9curis\u00e9e et chiffr\u00e9e des donn\u00e9es.<\/p><p>Toute violation de donn\u00e9es susceptible d\u2019engendrer un risque \u00e9lev\u00e9 pour les droits et libert\u00e9s sera notifi\u00e9e sans d\u00e9lai \u00e0 l\u2019Utilisateur, conform\u00e9ment \u00e0 l\u2019article 4 du RGPD.<\/p><p>Les donn\u00e9es seront trait\u00e9es comme confidentielles, et cette obligation sera impos\u00e9e aux employ\u00e9s et partenaires.<\/p><p><strong>Droits de l\u2019Utilisateur<\/strong><\/p><p>L\u2019Utilisateur peut exercer les droits suivants :<\/p><ul><li>Droit d\u2019acc\u00e8s<\/li><li>Droit de rectification<\/li><li>Droit \u00e0 l\u2019effacement (\u00ab droit \u00e0 l\u2019oubli \u00bb)<\/li><li>Droit \u00e0 la limitation du traitement<\/li><li>Droit \u00e0 la portabilit\u00e9<\/li><li>Droit d\u2019opposition<\/li><li>Droit de ne pas faire l\u2019objet d\u2019une d\u00e9cision automatis\u00e9e<\/li><\/ul><p>Pour exercer ses droits, l\u2019Utilisateur doit adresser une demande \u00e9crite avec la r\u00e9f\u00e9rence \u00ab RGPD-hotelsantjoan.com \u00bb \u00e0 :<\/p><p>Adresse : Av. del Allibertat 79 17230 Palam\u00f3s, Girona<br \/>Email : Hotel Sant Joan Palam\u00f3s<\/p><p><strong>Liens vers des sites tiers<\/strong><\/p><p>Le Site Web peut contenir des liens vers des sites tiers non g\u00e9r\u00e9s par Hotel Sant Joan de Palam\u00f3s. Ces sites disposent de leurs propres politiques de confidentialit\u00e9 et sont responsables de leurs pratiques.<\/p><p><strong>R\u00e9clamations aupr\u00e8s de l\u2019autorit\u00e9 de contr\u00f4le<\/strong><\/p><p>L\u2019Utilisateur peut introduire une r\u00e9clamation aupr\u00e8s de l\u2019autorit\u00e9 de contr\u00f4le comp\u00e9tente. En Espagne, il s\u2019agit de l\u2019Agence Espagnole de Protection des Donn\u00e9es :<br \/><a href=\"https:\/\/www.aepd.es\/\">https:\/\/www.aepd.es\/<\/a><\/p><p><strong>ACCEPTATION ET MODIFICATIONS<\/strong><\/p><p>L\u2019Utilisateur doit avoir lu et accept\u00e9 la pr\u00e9sente Politique de Confidentialit\u00e9. L\u2019utilisation du Site Web implique son acceptation.<\/p><p>Hotel Sant Joan de Palam\u00f3s se r\u00e9serve le droit de modifier cette Politique. Il est recommand\u00e9 de la consulter r\u00e9guli\u00e8rement.<\/p><p>Cette Politique de Confidentialit\u00e9 a \u00e9t\u00e9 mise \u00e0 jour conform\u00e9ment au RGPD et \u00e0 la Loi Organique 3\/2018.<\/p><p>Ce document a \u00e9t\u00e9 cr\u00e9\u00e9 \u00e0 l\u2019aide d\u2019un g\u00e9n\u00e9rateur gratuit en ligne le 17\/07\/2024.<\/p>\t\t\t\t\t\t\t\t<\/div>\n\t\t\t\t<\/div>\n\t\t\t\t\t<\/div>\n\t\t\t\t<\/div>\n\t\t\t\t<\/div>\n\t\t","protected":false},"excerpt":{"rendered":"<p>POLITIQUE DE CONFIDENTIALIT\u00c9 DU SITE WEB POLITIQUE DE CONFIDENTIALIT\u00c9 ET DE PROTECTION DES DONN\u00c9ES Conform\u00e9ment \u00e0 la l\u00e9gislation en vigueur, (ci-apr\u00e8s \u00e9galement le \u00ab Site Web \u00bb) s\u2019engage \u00e0 adopter les mesures techniques et organisationnelles n\u00e9cessaires, en fonction du niveau de s\u00e9curit\u00e9 appropri\u00e9 au risque des donn\u00e9es collect\u00e9es. Lois applicables \u00e0 la pr\u00e9sente politique de [&hellip;]<\/p>\n","protected":false},"author":1,"featured_media":0,"parent":0,"menu_order":0,"comment_status":"closed","ping_status":"closed","template":"elementor_header_footer","meta":{"footnotes":""},"class_list":["post-61","page","type-page","status-publish","hentry"],"yoast_head":"<!-- This site is optimized with the Yoast SEO plugin v27.2 - https:\/\/yoast.com\/product\/yoast-seo-wordpress\/ -->\n<title>Politique de confidentialit\u00e9 - Hotel Sant Joan<\/title>\n<meta name=\"robots\" content=\"noindex, nofollow\" \/>\n<meta property=\"og:locale\" content=\"es_ES\" \/>\n<meta property=\"og:type\" content=\"article\" \/>\n<meta property=\"og:title\" content=\"Politique de confidentialit\u00e9 - Hotel Sant Joan\" \/>\n<meta property=\"og:description\" content=\"POLITIQUE DE CONFIDENTIALIT\u00c9 DU SITE WEB POLITIQUE DE CONFIDENTIALIT\u00c9 ET DE PROTECTION DES DONN\u00c9ES Conform\u00e9ment \u00e0 la l\u00e9gislation en vigueur, (ci-apr\u00e8s \u00e9galement le \u00ab Site Web \u00bb) s\u2019engage \u00e0 adopter les mesures techniques et organisationnelles n\u00e9cessaires, en fonction du niveau de s\u00e9curit\u00e9 appropri\u00e9 au risque des donn\u00e9es collect\u00e9es. Lois applicables \u00e0 la pr\u00e9sente politique de [&hellip;]\" \/>\n<meta property=\"og:url\" content=\"https:\/\/hotelsantjoan.com\/fr\/politique-de-confidentialite\/\" \/>\n<meta property=\"og:site_name\" content=\"Hotel Sant Joan\" \/>\n<meta property=\"article:modified_time\" content=\"2026-03-02T13:55:38+00:00\" \/>\n<meta name=\"twitter:card\" content=\"summary_large_image\" \/>\n<meta name=\"twitter:label1\" content=\"Tiempo de lectura\" \/>\n\t<meta name=\"twitter:data1\" content=\"6 minutos\" \/>\n<script type=\"application\/ld+json\" class=\"yoast-schema-graph\">{\"@context\":\"https:\/\/schema.org\",\"@graph\":[{\"@type\":\"WebPage\",\"@id\":\"https:\/\/hotelsantjoan.com\/fr\/politique-de-confidentialite\/\",\"url\":\"https:\/\/hotelsantjoan.com\/fr\/politique-de-confidentialite\/\",\"name\":\"Politique de confidentialit\u00e9 - Hotel Sant Joan\",\"isPartOf\":{\"@id\":\"https:\/\/hotelsantjoan.com\/fr\/#website\"},\"datePublished\":\"2024-07-17T08:40:02+00:00\",\"dateModified\":\"2026-03-02T13:55:38+00:00\",\"breadcrumb\":{\"@id\":\"https:\/\/hotelsantjoan.com\/fr\/politique-de-confidentialite\/#breadcrumb\"},\"inLanguage\":\"es\",\"potentialAction\":[{\"@type\":\"ReadAction\",\"target\":[\"https:\/\/hotelsantjoan.com\/fr\/politique-de-confidentialite\/\"]}]},{\"@type\":\"BreadcrumbList\",\"@id\":\"https:\/\/hotelsantjoan.com\/fr\/politique-de-confidentialite\/#breadcrumb\",\"itemListElement\":[{\"@type\":\"ListItem\",\"position\":1,\"name\":\"Portada\",\"item\":\"https:\/\/hotelsantjoan.com\/fr\/\"},{\"@type\":\"ListItem\",\"position\":2,\"name\":\"Politique de confidentialit\u00e9\"}]},{\"@type\":\"WebSite\",\"@id\":\"https:\/\/hotelsantjoan.com\/fr\/#website\",\"url\":\"https:\/\/hotelsantjoan.com\/fr\/\",\"name\":\"Hotel Sant Joan\",\"description\":\"Mas\u00eda en Palam\u00f3s\",\"publisher\":{\"@id\":\"https:\/\/hotelsantjoan.com\/fr\/#organization\"},\"potentialAction\":[{\"@type\":\"SearchAction\",\"target\":{\"@type\":\"EntryPoint\",\"urlTemplate\":\"https:\/\/hotelsantjoan.com\/fr\/?s={search_term_string}\"},\"query-input\":{\"@type\":\"PropertyValueSpecification\",\"valueRequired\":true,\"valueName\":\"search_term_string\"}}],\"inLanguage\":\"es\"},{\"@type\":\"Organization\",\"@id\":\"https:\/\/hotelsantjoan.com\/fr\/#organization\",\"name\":\"Hotel Sant Joan\",\"url\":\"https:\/\/hotelsantjoan.com\/fr\/\",\"logo\":{\"@type\":\"ImageObject\",\"inLanguage\":\"es\",\"@id\":\"https:\/\/hotelsantjoan.com\/fr\/#\/schema\/logo\/image\/\",\"url\":\"https:\/\/hotelsantjoan.com\/fr\/wp-content\/uploads\/sites\/4\/Logotipo-Hotel-Sant-Joan-azul.webp\",\"contentUrl\":\"https:\/\/hotelsantjoan.com\/fr\/wp-content\/uploads\/sites\/4\/Logotipo-Hotel-Sant-Joan-azul.webp\",\"width\":400,\"height\":160,\"caption\":\"Hotel Sant Joan\"},\"image\":{\"@id\":\"https:\/\/hotelsantjoan.com\/fr\/#\/schema\/logo\/image\/\"}}]}<\/script>\n<!-- \/ Yoast SEO plugin. -->","yoast_head_json":{"title":"Politique de confidentialit\u00e9 - Hotel Sant Joan","robots":{"index":"noindex","follow":"nofollow"},"og_locale":"es_ES","og_type":"article","og_title":"Politique de confidentialit\u00e9 - Hotel Sant Joan","og_description":"POLITIQUE DE CONFIDENTIALIT\u00c9 DU SITE WEB POLITIQUE DE CONFIDENTIALIT\u00c9 ET DE PROTECTION DES DONN\u00c9ES Conform\u00e9ment \u00e0 la l\u00e9gislation en vigueur, (ci-apr\u00e8s \u00e9galement le \u00ab Site Web \u00bb) s\u2019engage \u00e0 adopter les mesures techniques et organisationnelles n\u00e9cessaires, en fonction du niveau de s\u00e9curit\u00e9 appropri\u00e9 au risque des donn\u00e9es collect\u00e9es. Lois applicables \u00e0 la pr\u00e9sente politique de [&hellip;]","og_url":"https:\/\/hotelsantjoan.com\/fr\/politique-de-confidentialite\/","og_site_name":"Hotel Sant Joan","article_modified_time":"2026-03-02T13:55:38+00:00","twitter_card":"summary_large_image","twitter_misc":{"Tiempo de lectura":"6 minutos"},"schema":{"@context":"https:\/\/schema.org","@graph":[{"@type":"WebPage","@id":"https:\/\/hotelsantjoan.com\/fr\/politique-de-confidentialite\/","url":"https:\/\/hotelsantjoan.com\/fr\/politique-de-confidentialite\/","name":"Politique de confidentialit\u00e9 - Hotel Sant Joan","isPartOf":{"@id":"https:\/\/hotelsantjoan.com\/fr\/#website"},"datePublished":"2024-07-17T08:40:02+00:00","dateModified":"2026-03-02T13:55:38+00:00","breadcrumb":{"@id":"https:\/\/hotelsantjoan.com\/fr\/politique-de-confidentialite\/#breadcrumb"},"inLanguage":"es","potentialAction":[{"@type":"ReadAction","target":["https:\/\/hotelsantjoan.com\/fr\/politique-de-confidentialite\/"]}]},{"@type":"BreadcrumbList","@id":"https:\/\/hotelsantjoan.com\/fr\/politique-de-confidentialite\/#breadcrumb","itemListElement":[{"@type":"ListItem","position":1,"name":"Portada","item":"https:\/\/hotelsantjoan.com\/fr\/"},{"@type":"ListItem","position":2,"name":"Politique de confidentialit\u00e9"}]},{"@type":"WebSite","@id":"https:\/\/hotelsantjoan.com\/fr\/#website","url":"https:\/\/hotelsantjoan.com\/fr\/","name":"Hotel Sant Joan","description":"Mas\u00eda en Palam\u00f3s","publisher":{"@id":"https:\/\/hotelsantjoan.com\/fr\/#organization"},"potentialAction":[{"@type":"SearchAction","target":{"@type":"EntryPoint","urlTemplate":"https:\/\/hotelsantjoan.com\/fr\/?s={search_term_string}"},"query-input":{"@type":"PropertyValueSpecification","valueRequired":true,"valueName":"search_term_string"}}],"inLanguage":"es"},{"@type":"Organization","@id":"https:\/\/hotelsantjoan.com\/fr\/#organization","name":"Hotel Sant Joan","url":"https:\/\/hotelsantjoan.com\/fr\/","logo":{"@type":"ImageObject","inLanguage":"es","@id":"https:\/\/hotelsantjoan.com\/fr\/#\/schema\/logo\/image\/","url":"https:\/\/hotelsantjoan.com\/fr\/wp-content\/uploads\/sites\/4\/Logotipo-Hotel-Sant-Joan-azul.webp","contentUrl":"https:\/\/hotelsantjoan.com\/fr\/wp-content\/uploads\/sites\/4\/Logotipo-Hotel-Sant-Joan-azul.webp","width":400,"height":160,"caption":"Hotel Sant Joan"},"image":{"@id":"https:\/\/hotelsantjoan.com\/fr\/#\/schema\/logo\/image\/"}}]}},"_links":{"self":[{"href":"https:\/\/hotelsantjoan.com\/fr\/wp-json\/wp\/v2\/pages\/61","targetHints":{"allow":["GET"]}}],"collection":[{"href":"https:\/\/hotelsantjoan.com\/fr\/wp-json\/wp\/v2\/pages"}],"about":[{"href":"https:\/\/hotelsantjoan.com\/fr\/wp-json\/wp\/v2\/types\/page"}],"author":[{"embeddable":true,"href":"https:\/\/hotelsantjoan.com\/fr\/wp-json\/wp\/v2\/users\/1"}],"replies":[{"embeddable":true,"href":"https:\/\/hotelsantjoan.com\/fr\/wp-json\/wp\/v2\/comments?post=61"}],"version-history":[{"count":5,"href":"https:\/\/hotelsantjoan.com\/fr\/wp-json\/wp\/v2\/pages\/61\/revisions"}],"predecessor-version":[{"id":3315,"href":"https:\/\/hotelsantjoan.com\/fr\/wp-json\/wp\/v2\/pages\/61\/revisions\/3315"}],"wp:attachment":[{"href":"https:\/\/hotelsantjoan.com\/fr\/wp-json\/wp\/v2\/media?parent=61"}],"curies":[{"name":"wp","href":"https:\/\/api.w.org\/{rel}","templated":true}]}}