{"id":2756,"date":"2026-01-13T10:10:51","date_gmt":"2026-01-13T09:10:51","guid":{"rendered":"https:\/\/hotelsantjoan.com\/?page_id=2756"},"modified":"2026-03-30T15:50:30","modified_gmt":"2026-03-30T13:50:30","slug":"give-the-gift-of-excitement","status":"publish","type":"page","link":"https:\/\/hotelsantjoan.com\/en\/give-the-gift-of-excitement\/","title":{"rendered":"Give the gift of excitement"},"content":{"rendered":"\t\t<div data-elementor-type=\"wp-page\" data-elementor-id=\"2756\" class=\"elementor elementor-2756\" data-elementor-post-type=\"page\">\n\t\t\t\t<div class=\"elementor-element elementor-element-336f9af e-flex e-con-boxed e-con e-parent\" data-id=\"336f9af\" data-element_type=\"container\" data-e-type=\"container\" data-settings=\"{&quot;background_background&quot;:&quot;classic&quot;}\">\n\t\t\t\t\t<div class=\"e-con-inner\">\n\t\t\t\t<div class=\"elementor-element elementor-element-d64c7de elementor-widget elementor-widget-heading\" data-id=\"d64c7de\" data-element_type=\"widget\" data-e-type=\"widget\" data-widget_type=\"heading.default\">\n\t\t\t\t\t<h1 class=\"elementor-heading-title elementor-size-default\"><em>Give<\/em> emotions<\/h1>\t\t\t\t<\/div>\n\t\t\t\t<div class=\"elementor-element elementor-element-262a9f8 elementor-widget__width-initial elementor-hidden-tablet elementor-hidden-mobile elementor-widget elementor-widget-shortcode\" data-id=\"262a9f8\" data-element_type=\"widget\" data-e-type=\"widget\" data-widget_type=\"shortcode.default\">\n\t\t\t\t\t\t\t<div class=\"elementor-shortcode\">        <link href=\"https:\/\/fonts.googleapis.com\/css2?family=Roboto:ital,wght@0,100;0,200;0,300;0,400;0,500;0,600;0,700;0,800;0,900;1,100;1,200;1,300;1,400;1,500;1,600;1,700;1,800;1,900&display=swap\" rel=\"stylesheet\">\r\n<style>\r\n    .avc-calendar.avc-calendar-1 {\r\n        background-color: rgba(18.02, 33.13, 83.5, 0.15);\r\n        border-width: 0px;\r\n        border-color: rgba(0,0,0,1);\r\n        border-radius: 4px;\r\n        column-gap: 16px;\r\n        row-gap: 16px;\r\n        font-family: \"Roboto\";\r\n    }\r\n\r\n    \r\n    .avc-calendar.avc-calendar-1>.avc-input {\r\n        background-color: rgba(255,255,255,1);\r\n        border-width: 1px;\r\n        border-color: rgba(0,0,0,1);\r\n        border-radius: 4px;\r\n        color: rgba(18, 33, 83, 1);\r\n        font-size: 14px;\r\n        padding-top: 18px;\r\n        padding-bottom: 18px;\r\n    }\r\n    \r\n    .avc-calendar.avc-calendar-1>.avc-input>i {\r\n        color: rgba(18, 33, 83, 1);\r\n    }\r\n\r\n    .avc-calendar.avc-calendar-1>.avc-input>input {\r\n        font-size: 14px;\r\n    }\r\n\r\n    \/* Separated because of this: https:\/\/stackoverflow.com\/a\/39155868 *\/\r\n    .avc-calendar.avc-calendar-1input::placeholder {\r\n        color: inherit;\r\n        font-size: inherit;\r\n    }\r\n\r\n    .avc-calendar.avc-calendar-1input::-moz-placeholder {\r\n        color: inherit;\r\n        font-size: inherit;\r\n    }\r\n\r\n    .avc-calendar.avc-calendar-1input::-webkit-input-placeholder {\r\n        color: inherit;\r\n        font-size: inherit;\r\n    }\r\n\r\n    .avc-calendar.avc-calendar-1input:-ms-input-placeholder {\r\n        color: inherit;\r\n        font-size: inherit;\r\n    }\r\n\r\n    .avc-calendar.avc-calendar-1input::-ms-input-placeholder {\r\n        color: inherit;\r\n        font-size: inherit;\r\n    }\r\n\r\n    .avc-calendar.avc-calendar-1>.avc-button {\r\n        background-color: rgba(18, 33, 83, 1);\r\n        border-width: 0px;\r\n        border-color: rgba(255, 255, 255, 1);\r\n        border-radius: 4px;\r\n        color: rgba(255,255,255,1);\r\n        font-size: 14px;\r\n        padding-top: 18px;\r\n        padding-bottom: 18px;\r\n    }\r\n\r\n    .avc-calendar.avc-calendar-1:not(.avc-calendar-v)>.avc-button {\r\n        width: 25%;\r\n    }\r\n\r\n    .avc-calendar.avc-calendar-1>.avc-button:hover {\r\n        background-color: rgba(30,44,92,1);\r\n    }\r\n\r\n    .avc-datepicker.avc-datepicker-1.ui-state-highlight {\r\n        border: 1px solid rgba(18, 33, 83, 1);\r\n        color: rgba(18, 33, 83, 1);\r\n    }\r\n\r\n    .avc-datepicker.avc-datepicker-1.ui-state-highlight:not(.ui-state-active):hover {\r\n        background-color: rgba(219,222,229,1);\r\n    }\r\n\r\n    .avc-datepicker.avc-datepicker-1.ui-datepicker table>tbody>tr>td>a.ui-state-active.ui-state-default {\r\n        border: 1px solid rgba(18, 33, 83, 1) !important;\r\n        background-color: rgba(18, 33, 83, 1) !important;\r\n        color: rgba(255,255,255,1) !important;\r\n    }\r\n<\/style>        \r\n<div class=\"avc-calendar avc-calendar-1  avc-calendar-spacing \" data-id=\"1\" id=\"avc-1\" data-categories=\"[]\" data-lang=\"es\" data-globalredirect=\"false\" data-globalredirectId=\"0\" >\r\n    <select\r\n        class=\"avc-input avc-establishment avc-establishment-1  avc-calendar-spacing \" style=\"display: none;\"\r\n        data-single=\"1\"\r\n        data-default-webcode=\"72328322\"\r\n    >\r\n        <option value=\"\">Establecimientos<\/option>\r\n                <option value=\"72328322\" data-id=\"1\">\r\n            Sant Joan        <\/option>\r\n            <\/select>\r\n        <label class=\"avc-input\">\r\n                    <i class=\"material-icons\">calendar_today<\/i>\r\n                <input type=\"text\" class=\"avc-arrival\" placeholder=\"Llegada\" readonly data-id=\"1\">\r\n    <\/label>\r\n    <label class=\"avc-input\">\r\n                    <i class=\"material-icons\">calendar_today<\/i>\r\n                <input type=\"text\" class=\"avc-departure\" placeholder=\"Salida\" readonly data-id=\"1\">\r\n    <\/label>\r\n    <label class=\"avc-input\" style=\"display: none;\">\r\n        <input type=\"text\" class=\"avc-promotion\" placeholder=\"C\u00f3digo promocional\" value=\"\">\r\n    <\/label>\r\n    <button class=\"avc-button\" onclick=\"go_to_bengine(1)\" >Reservar<\/button>\r\n    <input type=\"hidden\" id=\"avinput_redirect\" value=\"false\" data-pageRedirURL=\"https:\/\/hotelsantjoan.com\/en\/give-the-gift-of-excitement\/\">\r\n    <input type=\"hidden\" id=\"avinput_san\" value=\"false\">\r\n    <input type=\"hidden\" id=\"avinput_zones\" value=\"false\">\r\n<\/div><\/div>\n\t\t\t\t\t\t<\/div>\n\t\t\t\t<div class=\"elementor-element elementor-element-2091dea elementor-hidden-desktop elementor-hidden-laptop elementor-widget elementor-widget-button\" data-id=\"2091dea\" data-element_type=\"widget\" data-e-type=\"widget\" data-widget_type=\"button.default\">\n\t\t\t\t\t\t\t\t\t\t<a class=\"elementor-button elementor-button-link elementor-size-sm\" href=\"https:\/\/booking.avirato.com\/?code=72328322&#038;lang=en\" target=\"_blank\">\n\t\t\t\t\t\t<span class=\"elementor-button-content-wrapper\">\n\t\t\t\t\t\t\t\t\t<span class=\"elementor-button-text\">Book at the best price<\/span>\n\t\t\t\t\t<\/span>\n\t\t\t\t\t<\/a>\n\t\t\t\t\t\t\t\t<\/div>\n\t\t\t\t\t<\/div>\n\t\t\t\t<\/div>\n\t\t<div class=\"elementor-element elementor-element-74e177c e-flex e-con-boxed e-con e-parent\" data-id=\"74e177c\" data-element_type=\"container\" data-e-type=\"container\" data-settings=\"{&quot;background_background&quot;:&quot;classic&quot;}\">\n\t\t\t\t\t<div class=\"e-con-inner\">\n\t\t\t\t<div class=\"elementor-element elementor-element-9342794 elementor-icon-list--layout-inline elementor-align-center elementor-list-item-link-full_width elementor-widget elementor-widget-icon-list\" data-id=\"9342794\" data-element_type=\"widget\" data-e-type=\"widget\" data-widget_type=\"icon-list.default\">\n\t\t\t\t\t\t\t<ul class=\"elementor-icon-list-items elementor-inline-items\">\n\t\t\t\t\t\t\t<li class=\"elementor-icon-list-item elementor-inline-item\">\n\t\t\t\t\t\t\t\t\t\t<span class=\"elementor-icon-list-text\">Best price guaranteed<\/span>\n\t\t\t\t\t\t\t\t\t<\/li>\n\t\t\t\t\t\t\t\t<li class=\"elementor-icon-list-item elementor-inline-item\">\n\t\t\t\t\t\t\t\t\t\t<span class=\"elementor-icon-list-text\">Breakfast included<\/span>\n\t\t\t\t\t\t\t\t\t<\/li>\n\t\t\t\t\t\t\t\t<li class=\"elementor-icon-list-item elementor-inline-item\">\n\t\t\t\t\t\t\t\t\t\t<span class=\"elementor-icon-list-text\">Welcome gift<\/span>\n\t\t\t\t\t\t\t\t\t<\/li>\n\t\t\t\t\t\t\t\t<li class=\"elementor-icon-list-item elementor-inline-item\">\n\t\t\t\t\t\t\t\t\t\t<span class=\"elementor-icon-list-text\">Free outdoor parking*<\/span>\n\t\t\t\t\t\t\t\t\t<\/li>\n\t\t\t\t\t\t<\/ul>\n\t\t\t\t\t\t<\/div>\n\t\t\t\t<div class=\"elementor-element elementor-element-5d83428 elementor-widget__width-initial elementor-widget elementor-widget-text-editor\" data-id=\"5d83428\" data-element_type=\"widget\" data-e-type=\"widget\" data-widget_type=\"text-editor.default\">\n\t\t\t\t\t\t\t\t\t<p style=\"text-align: center;\">*The hotel has 8 free parking spaces subject to availability (cannot be reserved). There is also a private garage available at an additional cost. Advance booking is recommended and subject to availability.<\/p>\t\t\t\t\t\t\t\t<\/div>\n\t\t\t\t\t<\/div>\n\t\t\t\t<\/div>\n\t\t<div class=\"elementor-element elementor-element-fc2fe05 e-flex e-con-boxed e-con e-parent\" data-id=\"fc2fe05\" data-element_type=\"container\" data-e-type=\"container\" data-settings=\"{&quot;background_background&quot;:&quot;classic&quot;}\">\n\t\t\t\t\t<div class=\"e-con-inner\">\n\t\t\t\t<div class=\"elementor-element elementor-element-77e5c8c elementor-widget elementor-widget-heading\" data-id=\"77e5c8c\" data-element_type=\"widget\" data-e-type=\"widget\" data-widget_type=\"heading.default\">\n\t\t\t\t\t<h3 class=\"elementor-heading-title elementor-size-default\">There are gifts that are not wrapped, they are lived.n<\/h3>\t\t\t\t<\/div>\n\t\t\t\t<div class=\"elementor-element elementor-element-9cca7a2 elementor-widget__width-initial elementor-widget elementor-widget-heading\" data-id=\"9cca7a2\" data-element_type=\"widget\" data-e-type=\"widget\" data-widget_type=\"heading.default\">\n\t\t\t\t\t<h2 class=\"elementor-heading-title elementor-size-default\"><em> Give the gift of excitement <\/em>and enjoy unique experiences at the Hotel Sant Joan<\/h2>\t\t\t\t<\/div>\n\t\t\t\t<div class=\"elementor-element elementor-element-7cbd672 elementor-widget elementor-widget-text-editor\" data-id=\"7cbd672\" data-element_type=\"widget\" data-e-type=\"widget\" data-widget_type=\"text-editor.default\">\n\t\t\t\t\t\t\t\t\t<p class=\"isSelectedEnd\">It is the perfect gift to celebrate anniversaries, birthdays, romantic getaways or simply to say \u00abyou deserve it\u00bb. An experience that begins when you walk through the hotel door and continues with a gastronomic evening where every detail has been carefully considered, creating memories that will last long after your stay.<\/p>\t\t\t\t\t\t\t\t<\/div>\n\t\t\t\t<div class=\"elementor-element elementor-element-21b13a0 elementor-cta--valign-bottom elementor-cta--skin-classic elementor-animated-content elementor-bg-transform elementor-bg-transform-zoom-in elementor-widget elementor-widget-call-to-action\" data-id=\"21b13a0\" data-element_type=\"widget\" data-e-type=\"widget\" data-widget_type=\"call-to-action.default\">\n\t\t\t\t\t\t\t<a class=\"elementor-cta\" href=\"https:\/\/booking.avirato.com\/72328322\/promotions\/1\/april-is-calling-for-a-getaway?lang=en\" target=\"_blank\">\n\t\t\t\t\t<div class=\"elementor-cta__bg-wrapper\">\n\t\t\t\t<div class=\"elementor-cta__bg elementor-bg\" style=\"background-image: url(https:\/\/hotelsantjoan.com\/en\/wp-content\/uploads\/sites\/2\/Regala-Noche-cena-en-Hotel-Sant-Joan.webp);\" role=\"img\" aria-label=\"Regala Noche + cena en Hotel Sant Joan\"><\/div>\n\t\t\t\t<div class=\"elementor-cta__bg-overlay\"><\/div>\n\t\t\t<\/div>\n\t\t\t\t\t\t\t<div class=\"elementor-cta__content\">\n\t\t\t\t\n\t\t\t\t\t\t\t\t\t<h2 class=\"elementor-cta__title elementor-cta__content-item elementor-content-item\">\n\t\t\t\t\t\tAnother evening meal at Hotel Sant Joan\t\t\t\t\t<\/h2>\n\t\t\t\t\n\t\t\t\t\t\t\t\t\t<div class=\"elementor-cta__description elementor-cta__content-item elementor-content-item\">\n\t\t\t\t\t\tTreat someone to a night at the Hotel Sant Joan and round it off with a special dinner, designed to be enjoyed at leisure, savouring every moment.\t\t\t\t\t<\/div>\n\t\t\t\t\n\t\t\t\t\t\t\t<\/div>\n\t\t\t\t\t\t<\/a>\n\t\t\t\t\t\t<\/div>\n\t\t\t\t\t<\/div>\n\t\t\t\t<\/div>\n\t\t<div class=\"elementor-element elementor-element-d1368eb e-con-full e-flex e-con e-parent\" data-id=\"d1368eb\" data-element_type=\"container\" data-e-type=\"container\">\n\t\t\t\t<div class=\"elementor-element elementor-element-19ce00c elementor-cta--skin-cover elementor-cta--valign-bottom elementor-animated-content elementor-bg-transform elementor-bg-transform-zoom-in elementor-widget elementor-widget-call-to-action\" data-id=\"19ce00c\" data-element_type=\"widget\" data-e-type=\"widget\" data-widget_type=\"call-to-action.default\">\n\t\t\t\t\t\t\t<div class=\"elementor-cta\">\n\t\t\t\t\t<div class=\"elementor-cta__bg-wrapper\">\n\t\t\t\t<div class=\"elementor-cta__bg elementor-bg\" style=\"background-image: url(https:\/\/hotelsantjoan.com\/en\/wp-content\/uploads\/sites\/2\/Disfruta-de-ventajas-exclusivas-en-Hotel-Sant-Joan-Palamos.webp);\" role=\"img\" aria-label=\"Disfruta de ventajas exclusivas en Hotel Sant Joan Palam\u00f3s\"><\/div>\n\t\t\t\t<div class=\"elementor-cta__bg-overlay\"><\/div>\n\t\t\t<\/div>\n\t\t\t\t\t\t\t<div class=\"elementor-cta__content\">\n\t\t\t\t\n\t\t\t\t\t\t\t\t\t<h2 class=\"elementor-cta__title elementor-cta__content-item elementor-content-item elementor-animated-item--grow\">\n\t\t\t\t\t\t<em>Exclusive offers<\/em> on our official website\t\t\t\t\t<\/h2>\n\t\t\t\t\n\t\t\t\t\t\t\t\t\t<div class=\"elementor-cta__description elementor-cta__content-item elementor-content-item elementor-animated-item--grow\">\n\t\t\t\t\t\tBook directly on our official website and enjoy the best price guaranteed for your stay at Hotel Sant Joan.\n\nWhat's more, as an exclusive benefit for booking with us, we'll treat you to breakfast included, so you can start each day full of energy and without a care in the world.\n\nYou won't find this anywhere else. Take advantage of our exclusive offers and book at the best price, with all the benefits.\t\t\t\t\t<\/div>\n\t\t\t\t\n\t\t\t\t\t\t\t\t\t<div class=\"elementor-cta__button-wrapper elementor-cta__content-item elementor-content-item elementor-animated-item--grow\">\n\t\t\t\t\t<a class=\"elementor-cta__button elementor-button elementor-size-\" href=\"https:\/\/booking.avirato.com\/?code=72328322&#038;lang=en\" target=\"_blank\">\n\t\t\t\t\t\tBook with exclusive benefits\t\t\t\t\t<\/a>\n\t\t\t\t\t<\/div>\n\t\t\t\t\t\t\t<\/div>\n\t\t\t\t\t\t<\/div>\n\t\t\t\t\t\t<\/div>\n\t\t\t\t<\/div>\n\t\t\t\t<\/div>\n\t\t","protected":false},"excerpt":{"rendered":"<p>Give emotions Book at the best price Best price guaranteed Breakfast included Welcome gift Free outdoor parking* *The hotel has 8 free parking spaces subject to availability (cannot be reserved). There is also a private garage available at an additional cost. Advance booking is recommended and subject to availability. There are gifts that are not [&hellip;]<\/p>\n","protected":false},"author":1,"featured_media":0,"parent":0,"menu_order":0,"comment_status":"closed","ping_status":"closed","template":"elementor_header_footer","meta":{"footnotes":""},"class_list":["post-2756","page","type-page","status-publish","hentry"],"yoast_head":"<!-- This site is optimized with the Yoast SEO plugin v27.5 - https:\/\/yoast.com\/product\/yoast-seo-wordpress\/ -->\n<title>Give the gift of excitement - Sant Joan Hotel in Palam\u00f3s<\/title>\n<meta name=\"description\" content=\"Give the gift of excitement, celebrate anniversaries, birthdays, romantic getaways, or simply to say, &quot;You deserve it.&quot;\" \/>\n<meta name=\"robots\" content=\"index, follow, max-snippet:-1, max-image-preview:large, max-video-preview:-1\" \/>\n<link rel=\"canonical\" href=\"https:\/\/hotelsantjoan.com\/en\/give-the-gift-of-excitement\/\" \/>\n<meta property=\"og:locale\" content=\"es_ES\" \/>\n<meta property=\"og:type\" content=\"article\" \/>\n<meta property=\"og:title\" content=\"Give the gift of excitement - Sant Joan Hotel in Palam\u00f3s\" \/>\n<meta property=\"og:description\" content=\"Give the gift of excitement, celebrate anniversaries, birthdays, romantic getaways, or simply to say, &quot;You deserve it.&quot;\" \/>\n<meta property=\"og:url\" content=\"https:\/\/hotelsantjoan.com\/en\/give-the-gift-of-excitement\/\" \/>\n<meta property=\"og:site_name\" content=\"Sant Joan Hotel in Palam\u00f3s\" \/>\n<meta property=\"article:modified_time\" content=\"2026-03-30T13:50:30+00:00\" \/>\n<meta name=\"twitter:card\" content=\"summary_large_image\" \/>\n<meta name=\"twitter:label1\" content=\"Tiempo de lectura\" \/>\n\t<meta name=\"twitter:data1\" content=\"2 minutos\" \/>\n<script type=\"application\/ld+json\" class=\"yoast-schema-graph\">{\"@context\":\"https:\\\/\\\/schema.org\",\"@graph\":[{\"@type\":\"WebPage\",\"@id\":\"https:\\\/\\\/hotelsantjoan.com\\\/en\\\/give-the-gift-of-excitement\\\/\",\"url\":\"https:\\\/\\\/hotelsantjoan.com\\\/en\\\/give-the-gift-of-excitement\\\/\",\"name\":\"Give the gift of excitement - Sant Joan Hotel in Palam\u00f3s\",\"isPartOf\":{\"@id\":\"https:\\\/\\\/hotelsantjoan.com\\\/en\\\/#website\"},\"datePublished\":\"2026-01-13T09:10:51+00:00\",\"dateModified\":\"2026-03-30T13:50:30+00:00\",\"description\":\"Give the gift of excitement, celebrate anniversaries, birthdays, romantic getaways, or simply to say, \\\"You deserve it.\\\"\",\"breadcrumb\":{\"@id\":\"https:\\\/\\\/hotelsantjoan.com\\\/en\\\/give-the-gift-of-excitement\\\/#breadcrumb\"},\"inLanguage\":\"es\",\"potentialAction\":[{\"@type\":\"ReadAction\",\"target\":[\"https:\\\/\\\/hotelsantjoan.com\\\/en\\\/give-the-gift-of-excitement\\\/\"]}]},{\"@type\":\"BreadcrumbList\",\"@id\":\"https:\\\/\\\/hotelsantjoan.com\\\/en\\\/give-the-gift-of-excitement\\\/#breadcrumb\",\"itemListElement\":[{\"@type\":\"ListItem\",\"position\":1,\"name\":\"Portada\",\"item\":\"https:\\\/\\\/hotelsantjoan.com\\\/en\\\/\"},{\"@type\":\"ListItem\",\"position\":2,\"name\":\"Give the gift of excitement\"}]},{\"@type\":\"WebSite\",\"@id\":\"https:\\\/\\\/hotelsantjoan.com\\\/en\\\/#website\",\"url\":\"https:\\\/\\\/hotelsantjoan.com\\\/en\\\/\",\"name\":\"Sant Joan Hotel in Palam\u00f3s\",\"description\":\"Mas\u00eda en Palam\u00f3s\",\"publisher\":{\"@id\":\"https:\\\/\\\/hotelsantjoan.com\\\/en\\\/#organization\"},\"potentialAction\":[{\"@type\":\"SearchAction\",\"target\":{\"@type\":\"EntryPoint\",\"urlTemplate\":\"https:\\\/\\\/hotelsantjoan.com\\\/en\\\/?s={search_term_string}\"},\"query-input\":{\"@type\":\"PropertyValueSpecification\",\"valueRequired\":true,\"valueName\":\"search_term_string\"}}],\"inLanguage\":\"es\"},{\"@type\":\"Organization\",\"@id\":\"https:\\\/\\\/hotelsantjoan.com\\\/en\\\/#organization\",\"name\":\"Sant Joan Hotel in Palam\u00f3s\",\"url\":\"https:\\\/\\\/hotelsantjoan.com\\\/en\\\/\",\"logo\":{\"@type\":\"ImageObject\",\"inLanguage\":\"es\",\"@id\":\"https:\\\/\\\/hotelsantjoan.com\\\/en\\\/#\\\/schema\\\/logo\\\/image\\\/\",\"url\":\"https:\\\/\\\/hotelsantjoan.com\\\/en\\\/wp-content\\\/uploads\\\/sites\\\/2\\\/Logotipo-Hotel-Sant-Joan-azul.webp\",\"contentUrl\":\"https:\\\/\\\/hotelsantjoan.com\\\/en\\\/wp-content\\\/uploads\\\/sites\\\/2\\\/Logotipo-Hotel-Sant-Joan-azul.webp\",\"width\":400,\"height\":160,\"caption\":\"Sant Joan Hotel in Palam\u00f3s\"},\"image\":{\"@id\":\"https:\\\/\\\/hotelsantjoan.com\\\/en\\\/#\\\/schema\\\/logo\\\/image\\\/\"}}]}<\/script>\n<!-- \/ Yoast SEO plugin. -->","yoast_head_json":{"title":"Give the gift of excitement - Sant Joan Hotel in Palam\u00f3s","description":"Give the gift of excitement, celebrate anniversaries, birthdays, romantic getaways, or simply to say, \"You deserve it.\"","robots":{"index":"index","follow":"follow","max-snippet":"max-snippet:-1","max-image-preview":"max-image-preview:large","max-video-preview":"max-video-preview:-1"},"canonical":"https:\/\/hotelsantjoan.com\/en\/give-the-gift-of-excitement\/","og_locale":"es_ES","og_type":"article","og_title":"Give the gift of excitement - Sant Joan Hotel in Palam\u00f3s","og_description":"Give the gift of excitement, celebrate anniversaries, birthdays, romantic getaways, or simply to say, \"You deserve it.\"","og_url":"https:\/\/hotelsantjoan.com\/en\/give-the-gift-of-excitement\/","og_site_name":"Sant Joan Hotel in Palam\u00f3s","article_modified_time":"2026-03-30T13:50:30+00:00","twitter_card":"summary_large_image","twitter_misc":{"Tiempo de lectura":"2 minutos"},"schema":{"@context":"https:\/\/schema.org","@graph":[{"@type":"WebPage","@id":"https:\/\/hotelsantjoan.com\/en\/give-the-gift-of-excitement\/","url":"https:\/\/hotelsantjoan.com\/en\/give-the-gift-of-excitement\/","name":"Give the gift of excitement - Sant Joan Hotel in Palam\u00f3s","isPartOf":{"@id":"https:\/\/hotelsantjoan.com\/en\/#website"},"datePublished":"2026-01-13T09:10:51+00:00","dateModified":"2026-03-30T13:50:30+00:00","description":"Give the gift of excitement, celebrate anniversaries, birthdays, romantic getaways, or simply to say, \"You deserve it.\"","breadcrumb":{"@id":"https:\/\/hotelsantjoan.com\/en\/give-the-gift-of-excitement\/#breadcrumb"},"inLanguage":"es","potentialAction":[{"@type":"ReadAction","target":["https:\/\/hotelsantjoan.com\/en\/give-the-gift-of-excitement\/"]}]},{"@type":"BreadcrumbList","@id":"https:\/\/hotelsantjoan.com\/en\/give-the-gift-of-excitement\/#breadcrumb","itemListElement":[{"@type":"ListItem","position":1,"name":"Portada","item":"https:\/\/hotelsantjoan.com\/en\/"},{"@type":"ListItem","position":2,"name":"Give the gift of excitement"}]},{"@type":"WebSite","@id":"https:\/\/hotelsantjoan.com\/en\/#website","url":"https:\/\/hotelsantjoan.com\/en\/","name":"Sant Joan Hotel in Palam\u00f3s","description":"Mas\u00eda en Palam\u00f3s","publisher":{"@id":"https:\/\/hotelsantjoan.com\/en\/#organization"},"potentialAction":[{"@type":"SearchAction","target":{"@type":"EntryPoint","urlTemplate":"https:\/\/hotelsantjoan.com\/en\/?s={search_term_string}"},"query-input":{"@type":"PropertyValueSpecification","valueRequired":true,"valueName":"search_term_string"}}],"inLanguage":"es"},{"@type":"Organization","@id":"https:\/\/hotelsantjoan.com\/en\/#organization","name":"Sant Joan Hotel in Palam\u00f3s","url":"https:\/\/hotelsantjoan.com\/en\/","logo":{"@type":"ImageObject","inLanguage":"es","@id":"https:\/\/hotelsantjoan.com\/en\/#\/schema\/logo\/image\/","url":"https:\/\/hotelsantjoan.com\/en\/wp-content\/uploads\/sites\/2\/Logotipo-Hotel-Sant-Joan-azul.webp","contentUrl":"https:\/\/hotelsantjoan.com\/en\/wp-content\/uploads\/sites\/2\/Logotipo-Hotel-Sant-Joan-azul.webp","width":400,"height":160,"caption":"Sant Joan Hotel in Palam\u00f3s"},"image":{"@id":"https:\/\/hotelsantjoan.com\/en\/#\/schema\/logo\/image\/"}}]}},"_links":{"self":[{"href":"https:\/\/hotelsantjoan.com\/en\/wp-json\/wp\/v2\/pages\/2756","targetHints":{"allow":["GET"]}}],"collection":[{"href":"https:\/\/hotelsantjoan.com\/en\/wp-json\/wp\/v2\/pages"}],"about":[{"href":"https:\/\/hotelsantjoan.com\/en\/wp-json\/wp\/v2\/types\/page"}],"author":[{"embeddable":true,"href":"https:\/\/hotelsantjoan.com\/en\/wp-json\/wp\/v2\/users\/1"}],"replies":[{"embeddable":true,"href":"https:\/\/hotelsantjoan.com\/en\/wp-json\/wp\/v2\/comments?post=2756"}],"version-history":[{"count":70,"href":"https:\/\/hotelsantjoan.com\/en\/wp-json\/wp\/v2\/pages\/2756\/revisions"}],"predecessor-version":[{"id":3315,"href":"https:\/\/hotelsantjoan.com\/en\/wp-json\/wp\/v2\/pages\/2756\/revisions\/3315"}],"wp:attachment":[{"href":"https:\/\/hotelsantjoan.com\/en\/wp-json\/wp\/v2\/media?parent=2756"}],"curies":[{"name":"wp","href":"https:\/\/api.w.org\/{rel}","templated":true}]}}