{"id":67,"date":"2024-07-17T11:04:24","date_gmt":"2024-07-17T09:04:24","guid":{"rendered":"https:\/\/hotelsantjoan.com\/?page_id=67"},"modified":"2026-02-20T16:03:57","modified_gmt":"2026-02-20T15:03:57","slug":"aviso-legal","status":"publish","type":"page","link":"https:\/\/hotelsantjoan.com\/cat\/aviso-legal\/","title":{"rendered":"Avis Legal"},"content":{"rendered":"\t\t<div data-elementor-type=\"wp-page\" data-elementor-id=\"67\" class=\"elementor elementor-67\" data-elementor-post-type=\"page\">\n\t\t\t\t<div class=\"elementor-element elementor-element-26f6002 e-flex e-con-boxed e-con e-parent\" data-id=\"26f6002\" data-element_type=\"container\" data-e-type=\"container\">\n\t\t\t\t\t<div class=\"e-con-inner\">\n\t\t<div class=\"elementor-element elementor-element-36ce598 e-con-full e-flex e-con e-child\" data-id=\"36ce598\" data-element_type=\"container\" data-e-type=\"container\">\n\t\t\t\t<div class=\"elementor-element elementor-element-f0be4bc elementor-widget elementor-widget-text-editor\" data-id=\"f0be4bc\" data-element_type=\"widget\" data-e-type=\"widget\" data-widget_type=\"text-editor.default\">\n\t\t\t\t\t\t\t\t\t<p><strong>AV\u00cdS LEGAL I CONDICIONS GENERALS D\u2019\u00daS<\/strong><br \/>hotelsantjoan.com<\/p><ol><li><strong> INFORMACI\u00d3 GENERAL<\/strong><\/li><\/ol><p>En compliment del deure d\u2019informaci\u00f3 establert a la Llei 34\/2002, d\u201911 de juliol, de Serveis de la Societat de la Informaci\u00f3 i de Comer\u00e7 Electr\u00f2nic (LSSI-CE), es facilita a continuaci\u00f3 la informaci\u00f3 general d\u2019aquest lloc web:<\/p><p>La titularitat d\u2019aquest lloc web, hotelsantjoan.com (d\u2019ara endavant, Lloc Web), correspon a: , amb NIF: , i amb les seg\u00fcents dades de contacte:<\/p><p>La titularitat d\u2019aquest lloc web, hotelsantjoan.com (d\u2019ara endavant, Lloc Web), correspon a: Hotel Sant Joan de Palam\u00f3s, amb NIF: B17608373 i inscrit a:  amb les seg\u00fcents dades registrals:<br \/>, el\/la representant del qual \u00e9s: Merche de Lucas Calvo, i amb les seg\u00fcents dades de contacte:<\/p><p>Adre\u00e7a: [avgest_legal_address]<br \/>Tel\u00e8fon de contacte: [avgest_legal_telephone_number]<br \/>Fax:<br \/>Correu electr\u00f2nic de contacte: Hotel Sant Joan Palam\u00f3s<\/p><ol start=\"2\"><li><strong> CONDICIONS GENERALS D\u2019\u00daS<\/strong><\/li><\/ol><p><strong>Objecte de les condicions: el Lloc Web<\/strong><\/p><p>L\u2019objecte d\u2019aquestes Condicions Generals d\u2019\u00das (d\u2019ara endavant, Condicions) \u00e9s regular l\u2019acc\u00e9s i la utilitzaci\u00f3 del Lloc Web. A l\u2019efecte d\u2019aquestes Condicions, s\u2019entendr\u00e0 com a Lloc Web: l\u2019aparen\u00e7a externa de les interf\u00edcies de pantalla, tant est\u00e0tiques com din\u00e0miques (\u00e9s a dir, l\u2019arbre de navegaci\u00f3); i tots els elements integrats tant en les interf\u00edcies de pantalla com en l\u2019arbre de navegaci\u00f3 (d\u2019ara endavant, Continguts), aix\u00ed com tots aquells serveis o recursos en l\u00ednia que es puguin oferir als Usuaris (d\u2019ara endavant, Serveis).<\/p><p>[avgest_registered_company] es reserva el dret de modificar, en qualsevol moment i sense previ av\u00eds, la presentaci\u00f3 i configuraci\u00f3 del Lloc Web, aix\u00ed com els Continguts i Serveis que hi puguin estar incorporats. L\u2019Usuari reconeix i accepta que [avgest_registered_company] pot, en qualsevol moment, interrompre, desactivar i\/o cancel\u00b7lar qualsevol d\u2019aquests elements integrats al Lloc Web o l\u2019acc\u00e9s als mateixos.<\/p><p>L\u2019acc\u00e9s al Lloc Web per part de l\u2019Usuari \u00e9s lliure i, amb car\u00e0cter general, gratu\u00eft, sense que l\u2019Usuari hagi de proporcionar cap contraprestaci\u00f3 per gaudir-ne, excepte el cost de connexi\u00f3 a trav\u00e9s de la xarxa de telecomunicacions facilitada pel prove\u00efdor d\u2019acc\u00e9s contractat per l\u2019Usuari.<\/p><p>A banda del cost de connexi\u00f3 a trav\u00e9s de la xarxa de telecomunicacions facilitada pel prove\u00efdor contractat per l\u2019Usuari, alguns dels Continguts o Serveis oferts per [avgest_registered_company] o, si escau, per tercers a trav\u00e9s del Lloc Web, poden estar subjectes a contractaci\u00f3 pr\u00e8via, fet que s\u2019especificar\u00e0 clarament i\/o es posaran a disposici\u00f3 de l\u2019Usuari les corresponents Condicions Generals o Particulars.<\/p><p>La utilitzaci\u00f3 d\u2019alguns dels Continguts o Serveis del Lloc Web pot requerir la subscripci\u00f3 o registre previ de l\u2019Usuari.<\/p><p>L\u2019\u00fas dels Continguts no requereix subscripci\u00f3 o registre previ.<\/p><p><strong>L\u2019Usuari<\/strong><\/p><p>L\u2019acc\u00e9s, la navegaci\u00f3 i l\u2019\u00fas del Lloc Web, aix\u00ed com els espais habilitats per a la interacci\u00f3 entre els Usuaris, i entre l\u2019Usuari i Hotel Sant Joan de Palam\u00f3s, com ara espais de comentaris i\/o blocs, confereixen la condici\u00f3 d\u2019Usuari. Per tant, des del moment en qu\u00e8 s\u2019inicia la navegaci\u00f3 pel Lloc Web, s\u2019accepten totes les Condicions aqu\u00ed establertes, aix\u00ed com les seves possibles modificacions, sense perjudici de l\u2019aplicaci\u00f3 de la normativa legal obligat\u00f2ria corresponent. Donada la import\u00e0ncia de l\u2019anterior, es recomana a l\u2019Usuari llegir-les cada vegada que visiti el Lloc Web.<\/p><p>El Lloc Web de [avgest_registered_company] proporciona una \u00e0mplia gamma d\u2019informaci\u00f3, serveis i dades. L\u2019Usuari assumeix la responsabilitat d\u2019un \u00fas adequat del Lloc Web. Aquesta responsabilitat s\u2019est\u00e9n a:<\/p><ul><li>L\u2019\u00fas de la informaci\u00f3, Continguts i\/o Serveis i dades oferts per [avgest_registered_company] que no sigui contrari a aquestes Condicions, a la llei, a la moral o a l\u2019ordre p\u00fablic, ni que pugui perjudicar drets de tercers o el funcionament del Lloc Web.<\/li><li>La veracitat i legalitat de la informaci\u00f3 facilitada per l\u2019Usuari en els formularis habilitats per [avgest_registered_company] per accedir a determinats Continguts o Serveis. En qualsevol cas, l\u2019Usuari haur\u00e0 de notificar immediatament a [avgest_registered_company] qualsevol fet que permeti l\u2019\u00fas indegut de la informaci\u00f3 registrada en aquests formularis, com ara robatori, p\u00e8rdua o acc\u00e9s no autoritzat a identificadors i\/o contrasenyes, per tal de procedir a la seva cancel\u00b7laci\u00f3 immediata.<\/li><\/ul><p>[avgest_registered_company] es reserva el dret de retirar tots aquells comentaris i aportacions que vulnerin la llei, el respecte a la dignitat de la persona, que siguin discriminatoris, xen\u00f2fobs, racistes, pornogr\u00e0fics, spam, que atemptin contra la joventut o la inf\u00e0ncia, l\u2019ordre o la seguretat p\u00fablica, o que, al seu parer, no siguin adequats per a la seva publicaci\u00f3.<\/p><p>En qualsevol cas, [avgest_registered_company] no ser\u00e0 responsable de les opinions expressades pels Usuaris a trav\u00e9s de comentaris o altres eines de participaci\u00f3.<\/p><p>El simple acc\u00e9s a aquest Lloc Web no implica cap tipus de relaci\u00f3 comercial entre [avgest_registered_company] i l\u2019Usuari.<\/p><p>L\u2019Usuari declara ser major d\u2019edat i disposar de capacitat legal suficient per vincular-se a aquestes Condicions. Per tant, aquest Lloc Web de [avgest_registered_company] no est\u00e0 dirigit a menors d\u2019edat. [avgest_registered_company] declina qualsevol responsabilitat per l\u2019incompliment d\u2019aquest requisit.<\/p><p>D\u2019acord amb la legislaci\u00f3 vigent, aquest Lloc Web de [avgest_registered_company] s\u2019adre\u00e7a a totes les persones, independentment de la seva edat, que puguin accedir i\/o navegar pel Lloc Web.<\/p><p>El Lloc Web est\u00e0 dirigit principalment a Usuaris residents a. Hotel Sant Joan de Palam\u00f3s no garanteix que el Lloc Web compleixi amb la legislaci\u00f3 d\u2019altres pa\u00efsos, totalment o parcialment. Si l\u2019Usuari resideix o est\u00e0 domiciliat en un altre lloc i decideix accedir-hi i\/o navegar-hi, ho far\u00e0 sota la seva responsabilitat i haur\u00e0 d\u2019assegurar-se que aquest acc\u00e9s i navegaci\u00f3 compleixen amb la legislaci\u00f3 local aplicable, sense que Hotel Sant Joan de Palam\u00f3s assumeixi cap responsabilitat derivada d\u2019aquest acc\u00e9s.<\/p><p><strong>III. ACC\u00c9S I NAVEGACI\u00d3 AL LLOC WEB: EXCLUSI\u00d3 DE GARANTIES I RESPONSABILITAT<\/strong><\/p><p>Hotel Sant Joan de Palam\u00f3s no garanteix la continu\u00eftat, disponibilitat ni utilitat del Lloc Web, ni dels seus Continguts o Serveis. Far\u00e0 tot el possible per garantir-ne el correcte funcionament; no obstant aix\u00f2, no es responsabilitza ni garanteix que l\u2019acc\u00e9s sigui ininterromput o lliure d\u2019errors.<\/p><p>Tampoc es responsabilitza ni garanteix que el contingut o programari accessible a trav\u00e9s del Lloc Web estigui lliure d\u2019errors o que no pugui causar danys als sistemes inform\u00e0tics de l\u2019Usuari (programari i maquinari). En cap cas [avgest_registered_company] ser\u00e0 responsable de p\u00e8rdues o danys de qualsevol tipus derivats de l\u2019acc\u00e9s, navegaci\u00f3 o \u00fas del Lloc Web, incloent-hi, entre altres, danys als sistemes inform\u00e0tics o derivats de la introducci\u00f3 de virus.<\/p><p>Hotel Sant Joan de Palam\u00f3s tampoc ser\u00e0 responsable dels danys que es puguin ocasionar per un \u00fas indegut del Lloc Web, ni de fallades, interrupcions o defectes en les telecomunicacions.<\/p><ol start=\"4\"><li><strong> POL\u00cdTICA D\u2019ENLLA\u00c7OS<\/strong><\/li><\/ol><p>El Lloc Web de [avgest_registered_company] pot posar a disposici\u00f3 dels Usuaris enlla\u00e7os (com ara links, banners, botons), directoris i motors de cerca que permetin accedir a llocs web de tercers.<\/p><p>La instal\u00b7laci\u00f3 d\u2019aquests enlla\u00e7os t\u00e9 com a finalitat facilitar la cerca d\u2019informaci\u00f3 a Internet, sense que aix\u00f2 impliqui suggeriment, recomanaci\u00f3 o invitaci\u00f3.<\/p><p>[avgest_registered_company] no ofereix ni comercialitza els productes i\/o serveis disponibles en aquests llocs enlla\u00e7ats.<\/p><p>Ofereix continguts patrocinats, anuncis i\/o enlla\u00e7os d\u2019afiliaci\u00f3. La informaci\u00f3 d\u2019aquests anuncis \u00e9s facilitada pels anunciants, per la qual cosa Hotel Sant Joan de Palam\u00f3s no es fa responsable de possibles inexactituds ni garanteix l\u2019experi\u00e8ncia, integritat o qualitat dels seus productes o serveis.<\/p><p>No garanteix tampoc la disponibilitat t\u00e8cnica, exactitud o legalitat dels llocs externs accessibles mitjan\u00e7ant enlla\u00e7os.<\/p><p>No revisa ni controla el contingut d\u2019altres llocs web, ni aprova els seus productes, serveis o materials.<\/p><p>No assumeix cap responsabilitat pels danys derivats de l\u2019acc\u00e9s o \u00fas de llocs web de tercers.<\/p><p>La creaci\u00f3 d\u2019un hiperenlla\u00e7 cap al Lloc Web de [avgest_registered_company] implica que:<\/p><ul><li>No es permet la reproducci\u00f3 total o parcial dels Continguts i\/o Serveis sense autoritzaci\u00f3 expressa.<\/li><li>No es poden fer declaracions falses o inexactes sobre el Lloc Web.<\/li><li>El lloc que estableixi l\u2019enlla\u00e7 no podr\u00e0 contenir elements protegits per propietat intel\u00b7lectual sense autoritzaci\u00f3.<\/li><li>L\u2019exist\u00e8ncia de l\u2019enlla\u00e7 no implica relaci\u00f3 entre les parts.<\/li><\/ul><ol start=\"5\"><li><strong> PROPIETAT INTEL\u00b7LECTUAL I INDUSTRIAL<\/strong><\/li><\/ol><p>[avgest_registered_company], directament o com a cessionari, \u00e9s titular de tots els drets de propietat intel\u00b7lectual i industrial del Lloc Web i dels seus elements (imatges, so, v\u00eddeo, programari, textos, marques, disseny, estructura, etc.), protegits per la legislaci\u00f3 espanyola, europea i tractats internacionals.<\/p><p>Tots els drets reservats. Queda prohibida la reproducci\u00f3, distribuci\u00f3 i comunicaci\u00f3 p\u00fablica, inclosa la posada a disposici\u00f3, amb finalitats comercials, sense autoritzaci\u00f3 expressa.<\/p><p>L\u2019Usuari es compromet a respectar aquests drets. Pot visualitzar i copiar elements exclusivament per a \u00fas personal. No pot eliminar ni manipular dispositius de seguretat.<\/p><p>Si considera que hi ha vulneraci\u00f3 de drets, ho haur\u00e0 de notificar immediatament.<\/p><ol start=\"6\"><li><strong> ACCIONS LEGALS, LEGISLACI\u00d3 APLICABLE I JURISDICCI\u00d3<\/strong><\/li><\/ol><p>[avgest_registered_company] es reserva el dret d\u2019exercir accions civils o penals per \u00fas indegut del Lloc Web o incompliment de les Condicions.<\/p><p>La relaci\u00f3 entre l\u2019Usuari i Tourist Accommodation es regir\u00e0 per la normativa vigent a Espanya. En cas de controv\u00e8rsia, les parts se sotmetran als jutjats i tribunals competents d\u2019acord amb la llei.<\/p><p>Aquest document d\u2019Av\u00eds Legal i Condicions Generals d\u2019\u00das va ser creat mitjan\u00e7ant un generador en l\u00ednia el 17\/07\/2024.<\/p><p>\u00a0<\/p>\t\t\t\t\t\t\t\t<\/div>\n\t\t\t\t<\/div>\n\t\t\t\t\t<\/div>\n\t\t\t\t<\/div>\n\t\t\t\t<\/div>\n\t\t","protected":false},"excerpt":{"rendered":"<p>AV\u00cdS LEGAL I CONDICIONS GENERALS D\u2019\u00daS INFORMACI\u00d3 GENERAL En compliment del deure d\u2019informaci\u00f3 establert a la Llei 34\/2002, d\u201911 de juliol, de Serveis de la Societat de la Informaci\u00f3 i de Comer\u00e7 Electr\u00f2nic (LSSI-CE), es facilita a continuaci\u00f3 la informaci\u00f3 general d\u2019aquest lloc web: La titularitat d\u2019aquest lloc web, (d\u2019ara endavant, Lloc Web), correspon a: [&hellip;]<\/p>\n","protected":false},"author":1,"featured_media":0,"parent":0,"menu_order":0,"comment_status":"closed","ping_status":"closed","template":"elementor_header_footer","meta":{"footnotes":""},"class_list":["post-67","page","type-page","status-publish","hentry"],"yoast_head":"<!-- This site is optimized with the Yoast SEO plugin v27.2 - https:\/\/yoast.com\/product\/yoast-seo-wordpress\/ -->\n<title>Avis Legal - Hotel Sant Joan<\/title>\n<meta name=\"robots\" content=\"noindex, nofollow\" \/>\n<meta property=\"og:locale\" content=\"es_ES\" \/>\n<meta property=\"og:type\" content=\"article\" \/>\n<meta property=\"og:title\" content=\"Avis Legal - Hotel Sant Joan\" \/>\n<meta property=\"og:description\" content=\"AV\u00cdS LEGAL I CONDICIONS GENERALS D\u2019\u00daS INFORMACI\u00d3 GENERAL En compliment del deure d\u2019informaci\u00f3 establert a la Llei 34\/2002, d\u201911 de juliol, de Serveis de la Societat de la Informaci\u00f3 i de Comer\u00e7 Electr\u00f2nic (LSSI-CE), es facilita a continuaci\u00f3 la informaci\u00f3 general d\u2019aquest lloc web: La titularitat d\u2019aquest lloc web, (d\u2019ara endavant, Lloc Web), correspon a: [&hellip;]\" \/>\n<meta property=\"og:url\" content=\"https:\/\/hotelsantjoan.com\/cat\/aviso-legal\/\" \/>\n<meta property=\"og:site_name\" content=\"Hotel Sant Joan\" \/>\n<meta property=\"article:modified_time\" content=\"2026-02-20T15:03:57+00:00\" \/>\n<meta name=\"twitter:card\" content=\"summary_large_image\" \/>\n<meta name=\"twitter:label1\" content=\"Tiempo de lectura\" \/>\n\t<meta name=\"twitter:data1\" content=\"7 minutos\" \/>\n<script type=\"application\/ld+json\" class=\"yoast-schema-graph\">{\"@context\":\"https:\/\/schema.org\",\"@graph\":[{\"@type\":\"WebPage\",\"@id\":\"https:\/\/hotelsantjoan.com\/cat\/aviso-legal\/\",\"url\":\"https:\/\/hotelsantjoan.com\/cat\/aviso-legal\/\",\"name\":\"Avis Legal - Hotel Sant Joan\",\"isPartOf\":{\"@id\":\"https:\/\/hotelsantjoan.com\/cat\/#website\"},\"datePublished\":\"2024-07-17T09:04:24+00:00\",\"dateModified\":\"2026-02-20T15:03:57+00:00\",\"breadcrumb\":{\"@id\":\"https:\/\/hotelsantjoan.com\/cat\/aviso-legal\/#breadcrumb\"},\"inLanguage\":\"es\",\"potentialAction\":[{\"@type\":\"ReadAction\",\"target\":[\"https:\/\/hotelsantjoan.com\/cat\/aviso-legal\/\"]}]},{\"@type\":\"BreadcrumbList\",\"@id\":\"https:\/\/hotelsantjoan.com\/cat\/aviso-legal\/#breadcrumb\",\"itemListElement\":[{\"@type\":\"ListItem\",\"position\":1,\"name\":\"Portada\",\"item\":\"https:\/\/hotelsantjoan.com\/cat\/\"},{\"@type\":\"ListItem\",\"position\":2,\"name\":\"Avis Legal\"}]},{\"@type\":\"WebSite\",\"@id\":\"https:\/\/hotelsantjoan.com\/cat\/#website\",\"url\":\"https:\/\/hotelsantjoan.com\/cat\/\",\"name\":\"Hotel Sant Joan\",\"description\":\"Mas\u00eda en Palam\u00f3s\",\"publisher\":{\"@id\":\"https:\/\/hotelsantjoan.com\/cat\/#organization\"},\"potentialAction\":[{\"@type\":\"SearchAction\",\"target\":{\"@type\":\"EntryPoint\",\"urlTemplate\":\"https:\/\/hotelsantjoan.com\/cat\/?s={search_term_string}\"},\"query-input\":{\"@type\":\"PropertyValueSpecification\",\"valueRequired\":true,\"valueName\":\"search_term_string\"}}],\"inLanguage\":\"es\"},{\"@type\":\"Organization\",\"@id\":\"https:\/\/hotelsantjoan.com\/cat\/#organization\",\"name\":\"Hotel Sant Joan\",\"url\":\"https:\/\/hotelsantjoan.com\/cat\/\",\"logo\":{\"@type\":\"ImageObject\",\"inLanguage\":\"es\",\"@id\":\"https:\/\/hotelsantjoan.com\/cat\/#\/schema\/logo\/image\/\",\"url\":\"https:\/\/hotelsantjoan.com\/cat\/wp-content\/uploads\/sites\/3\/Logotipo-Hotel-Sant-Joan-azul.webp\",\"contentUrl\":\"https:\/\/hotelsantjoan.com\/cat\/wp-content\/uploads\/sites\/3\/Logotipo-Hotel-Sant-Joan-azul.webp\",\"width\":400,\"height\":160,\"caption\":\"Hotel Sant Joan\"},\"image\":{\"@id\":\"https:\/\/hotelsantjoan.com\/cat\/#\/schema\/logo\/image\/\"}}]}<\/script>\n<!-- \/ Yoast SEO plugin. -->","yoast_head_json":{"title":"Avis Legal - Hotel Sant Joan","robots":{"index":"noindex","follow":"nofollow"},"og_locale":"es_ES","og_type":"article","og_title":"Avis Legal - Hotel Sant Joan","og_description":"AV\u00cdS LEGAL I CONDICIONS GENERALS D\u2019\u00daS INFORMACI\u00d3 GENERAL En compliment del deure d\u2019informaci\u00f3 establert a la Llei 34\/2002, d\u201911 de juliol, de Serveis de la Societat de la Informaci\u00f3 i de Comer\u00e7 Electr\u00f2nic (LSSI-CE), es facilita a continuaci\u00f3 la informaci\u00f3 general d\u2019aquest lloc web: La titularitat d\u2019aquest lloc web, (d\u2019ara endavant, Lloc Web), correspon a: [&hellip;]","og_url":"https:\/\/hotelsantjoan.com\/cat\/aviso-legal\/","og_site_name":"Hotel Sant Joan","article_modified_time":"2026-02-20T15:03:57+00:00","twitter_card":"summary_large_image","twitter_misc":{"Tiempo de lectura":"7 minutos"},"schema":{"@context":"https:\/\/schema.org","@graph":[{"@type":"WebPage","@id":"https:\/\/hotelsantjoan.com\/cat\/aviso-legal\/","url":"https:\/\/hotelsantjoan.com\/cat\/aviso-legal\/","name":"Avis Legal - Hotel Sant Joan","isPartOf":{"@id":"https:\/\/hotelsantjoan.com\/cat\/#website"},"datePublished":"2024-07-17T09:04:24+00:00","dateModified":"2026-02-20T15:03:57+00:00","breadcrumb":{"@id":"https:\/\/hotelsantjoan.com\/cat\/aviso-legal\/#breadcrumb"},"inLanguage":"es","potentialAction":[{"@type":"ReadAction","target":["https:\/\/hotelsantjoan.com\/cat\/aviso-legal\/"]}]},{"@type":"BreadcrumbList","@id":"https:\/\/hotelsantjoan.com\/cat\/aviso-legal\/#breadcrumb","itemListElement":[{"@type":"ListItem","position":1,"name":"Portada","item":"https:\/\/hotelsantjoan.com\/cat\/"},{"@type":"ListItem","position":2,"name":"Avis Legal"}]},{"@type":"WebSite","@id":"https:\/\/hotelsantjoan.com\/cat\/#website","url":"https:\/\/hotelsantjoan.com\/cat\/","name":"Hotel Sant Joan","description":"Mas\u00eda en Palam\u00f3s","publisher":{"@id":"https:\/\/hotelsantjoan.com\/cat\/#organization"},"potentialAction":[{"@type":"SearchAction","target":{"@type":"EntryPoint","urlTemplate":"https:\/\/hotelsantjoan.com\/cat\/?s={search_term_string}"},"query-input":{"@type":"PropertyValueSpecification","valueRequired":true,"valueName":"search_term_string"}}],"inLanguage":"es"},{"@type":"Organization","@id":"https:\/\/hotelsantjoan.com\/cat\/#organization","name":"Hotel Sant Joan","url":"https:\/\/hotelsantjoan.com\/cat\/","logo":{"@type":"ImageObject","inLanguage":"es","@id":"https:\/\/hotelsantjoan.com\/cat\/#\/schema\/logo\/image\/","url":"https:\/\/hotelsantjoan.com\/cat\/wp-content\/uploads\/sites\/3\/Logotipo-Hotel-Sant-Joan-azul.webp","contentUrl":"https:\/\/hotelsantjoan.com\/cat\/wp-content\/uploads\/sites\/3\/Logotipo-Hotel-Sant-Joan-azul.webp","width":400,"height":160,"caption":"Hotel Sant Joan"},"image":{"@id":"https:\/\/hotelsantjoan.com\/cat\/#\/schema\/logo\/image\/"}}]}},"_links":{"self":[{"href":"https:\/\/hotelsantjoan.com\/cat\/wp-json\/wp\/v2\/pages\/67","targetHints":{"allow":["GET"]}}],"collection":[{"href":"https:\/\/hotelsantjoan.com\/cat\/wp-json\/wp\/v2\/pages"}],"about":[{"href":"https:\/\/hotelsantjoan.com\/cat\/wp-json\/wp\/v2\/types\/page"}],"author":[{"embeddable":true,"href":"https:\/\/hotelsantjoan.com\/cat\/wp-json\/wp\/v2\/users\/1"}],"replies":[{"embeddable":true,"href":"https:\/\/hotelsantjoan.com\/cat\/wp-json\/wp\/v2\/comments?post=67"}],"version-history":[{"count":5,"href":"https:\/\/hotelsantjoan.com\/cat\/wp-json\/wp\/v2\/pages\/67\/revisions"}],"predecessor-version":[{"id":3351,"href":"https:\/\/hotelsantjoan.com\/cat\/wp-json\/wp\/v2\/pages\/67\/revisions\/3351"}],"wp:attachment":[{"href":"https:\/\/hotelsantjoan.com\/cat\/wp-json\/wp\/v2\/media?parent=67"}],"curies":[{"name":"wp","href":"https:\/\/api.w.org\/{rel}","templated":true}]}}