{"id":61,"date":"2024-07-17T10:40:02","date_gmt":"2024-07-17T08:40:02","guid":{"rendered":"https:\/\/hotelsantjoan.com\/?page_id=61"},"modified":"2026-02-20T16:02:48","modified_gmt":"2026-02-20T15:02:48","slug":"politica-de-privacidad","status":"publish","type":"page","link":"https:\/\/hotelsantjoan.com\/cat\/politica-de-privacidad\/","title":{"rendered":"Pol\u00edtica de privacitat"},"content":{"rendered":"\t\t<div data-elementor-type=\"wp-page\" data-elementor-id=\"61\" class=\"elementor elementor-61\" data-elementor-post-type=\"page\">\n\t\t\t\t<div class=\"elementor-element elementor-element-5b67b6e e-flex e-con-boxed e-con e-parent\" data-id=\"5b67b6e\" data-element_type=\"container\" data-e-type=\"container\">\n\t\t\t\t\t<div class=\"e-con-inner\">\n\t\t<div class=\"elementor-element elementor-element-62bdc8e e-con-full e-flex e-con e-child\" data-id=\"62bdc8e\" data-element_type=\"container\" data-e-type=\"container\">\n\t\t\t\t<div class=\"elementor-element elementor-element-b614631 elementor-widget elementor-widget-text-editor\" data-id=\"b614631\" data-element_type=\"widget\" data-e-type=\"widget\" data-widget_type=\"text-editor.default\">\n\t\t\t\t\t\t\t\t\t<ol><li><strong> POL\u00cdTICA DE PRIVACITAT I PROTECCI\u00d3 DE DADES<\/strong><\/li><\/ol><p>En compliment de la normativa vigent, [avgest_registered_company] (d\u2019ara endavant, tamb\u00e9 el Lloc Web) es compromet a adoptar les mesures t\u00e8cniques i organitzatives necess\u00e0ries, d\u2019acord amb el nivell de seguretat adequat al risc de les dades recollides.<\/p><p><strong>Legislaci\u00f3 incorporada a aquesta pol\u00edtica de privacitat<\/strong><\/p><p>Aquesta pol\u00edtica de privacitat compleix amb la normativa espanyola i europea vigent en mat\u00e8ria de protecci\u00f3 de dades personals a Internet. En concret, compleix amb:<\/p><ul><li>El Reglament (UE) 2016\/679 del Parlament Europeu i del Consell, de 27 d\u2019abril de 2016, relatiu a la protecci\u00f3 de les persones f\u00edsiques pel que fa al tractament de dades personals i a la lliure circulaci\u00f3 d\u2019aquestes dades (RGPD).<\/li><li>La Llei org\u00e0nica 3\/2018, de 5 de desembre, de Protecci\u00f3 de Dades Personals i garantia dels drets digitals (LOPD-GDD).<\/li><li>El Reial decret 1720\/2007, de 21 de desembre, pel qual s\u2019aprova el Reglament de desplegament de la Llei org\u00e0nica 15\/1999, de 13 de desembre (RDLOPD).<\/li><li>La Llei 34\/2002, d\u201911 de juliol, de serveis de la societat de la informaci\u00f3 i de comer\u00e7 electr\u00f2nic (LSSI-CE).<\/li><\/ul><p><strong>Identitat del responsable del tractament de les dades personals<\/strong><\/p><p>El responsable del tractament de les dades personals recollides a [avgest_registered_company] \u00e9s: [avgest_registered_company], amb NIF\/CIF: [avgest_company_cif] i inscrit a: [avgest_commercial_register], amb les seg\u00fcents dades registrals:<br \/>, el\/la representant del qual \u00e9s: [avgest_web_manager] (d\u2019ara endavant, Responsable del tractament).<\/p><p>Les seves dades de contacte s\u00f3n:<\/p><p>Adre\u00e7a: [avgest_legal_address]<br \/>Tel\u00e8fon de contacte: [avgest_legal_telephone_number]<br \/>Fax:<br \/>Correu electr\u00f2nic: Hotel Sant Joan Palam\u00f3s<\/p><p><strong>Registre de dades personals<\/strong><\/p><p>En compliment del que disposen el RGPD i la LOPD-GDD, us informem que les dades personals recollides per [avgest_registered_company], mitjan\u00e7ant els formularis de les seves p\u00e0gines, seran incorporades i tractades en els nostres fitxers amb la finalitat de facilitar, agilitzar i complir els compromisos establerts entre [avgest_registered_company] i l\u2019Usuari, o mantenir la relaci\u00f3 establerta en els formularis que aquest ompli, o b\u00e9 per atendre una sol\u00b7licitud o consulta.<\/p><p>Aix\u00ed mateix, llevat que sigui aplicable l\u2019excepci\u00f3 prevista a l\u2019article 30.5 del RGPD, es mant\u00e9 un registre d\u2019activitats de tractament en qu\u00e8 s\u2019especifiquen, segons les seves finalitats, les activitats de tractament realitzades i la resta de circumst\u00e0ncies establertes al RGPD.<\/p><p><strong>Principis aplicables al tractament de dades personals<\/strong><\/p><p>El tractament de les dades personals de l\u2019Usuari es regir\u00e0 pels principis seg\u00fcents:<\/p><ul><li><strong>Principi de licitud, lleialtat i transpar\u00e8ncia:<\/strong> es requerir\u00e0 el consentiment de l\u2019Usuari amb informaci\u00f3 pr\u00e8via clara.<\/li><li><strong>Principi de limitaci\u00f3 de la finalitat:<\/strong> les dades es recolliran amb finalitats determinades, expl\u00edcites i leg\u00edtimes.<\/li><li><strong>Principi de minimitzaci\u00f3 de dades:<\/strong> nom\u00e9s es recolliran les dades estrictament necess\u00e0ries.<\/li><li><strong>Principi d\u2019exactitud:<\/strong> les dades seran exactes i actualitzades.<\/li><li><strong>Principi de limitaci\u00f3 del termini de conservaci\u00f3:<\/strong> es conservaran nom\u00e9s durant el temps necessari.<\/li><li><strong>Principi d\u2019integritat i confidencialitat:<\/strong> es garantir\u00e0 la seguretat adequada.<\/li><li><strong>Principi de responsabilitat proactiva:<\/strong> el responsable vetllar\u00e0 pel compliment dels principis anteriors.<\/li><\/ul><p><strong>Categories de dades personals<\/strong><\/p><p>Les categories de dades tractades per [avgest_registered_company] poden incloure:<\/p><ul><li>Dades identificatives.<\/li><li>Categories especials de dades personals segons l\u2019article 9 del RGPD (si escau).<\/li><\/ul><p>S\u2019entenen com a categories especials aquelles que revelen origen \u00e8tnic o racial, opinions pol\u00edtiques, conviccions religioses o filos\u00f2fiques, afiliaci\u00f3 sindical, dades gen\u00e8tiques, biom\u00e8triques, dades de salut o relatives a la vida sexual o orientaci\u00f3 sexual.<\/p><p>En cas de tractar categories especials, es requerir\u00e0 el consentiment expl\u00edcit de l\u2019Usuari per a una o diverses finalitats espec\u00edfiques.<\/p><p><strong>Base jur\u00eddica del tractament<\/strong><\/p><p>La base jur\u00eddica \u00e9s el consentiment de l\u2019Usuari. [avgest_registered_company] es compromet a obtenir un consentiment expr\u00e9s i verificable.<\/p><p>L\u2019Usuari podr\u00e0 retirar el consentiment en qualsevol moment. La retirada ser\u00e0 tan senzilla com l\u2019atorgament i no condicionar\u00e0, amb car\u00e0cter general, l\u2019\u00fas del Lloc Web.<\/p><p>Quan l\u2019Usuari hagi d\u2019omplir formularis obligatoris, s\u2019indicar\u00e0 expressament.<\/p><p><strong>Finalitats del tractament<\/strong><\/p><p>Les dades es tractaran per:<\/p><ul><li>Gestionar la relaci\u00f3 entre el Lloc Web i l\u2019Usuari.<\/li><li>Respondre consultes o sol\u00b7licituds.<\/li><li>Finalitats comercials, personalitzaci\u00f3, estad\u00edstica i millora del servei.<\/li><li>Estudis de m\u00e0rqueting i adaptaci\u00f3 de continguts.<\/li><\/ul><p>En el moment de la recollida s\u2019informar\u00e0 de les finalitats espec\u00edfiques.<\/p><p><strong>Terminis de conservaci\u00f3<\/strong><\/p><p>Les dades es conservaran durant el temps m\u00ednim necessari i, en qualsevol cas, durant: 0 dies, o fins que l\u2019Usuari en sol\u00b7liciti la supressi\u00f3.<\/p><p><strong>Destinataris de les dades<\/strong><\/p><p>Les dades no es comunicaran a tercers, excepte obligaci\u00f3 legal o si s\u2019indica expressament en el moment de la recollida.<\/p><p>Si es preveu una transfer\u00e8ncia internacional de dades, s\u2019informar\u00e0 adequadament.<\/p><p><strong>Dades personals de menors<\/strong><\/p><p>D\u2019acord amb l\u2019article 8 del RGPD i l\u2019article 7 de la LOPD-GDD, nom\u00e9s els majors de 14 anys poden prestar consentiment. En cas de menors de 14 anys, ser\u00e0 necessari el consentiment dels pares o tutors.<\/p><p><strong>Confidencialitat i seguretat<\/strong><\/p><p>[avgest_registered_company] adoptar\u00e0 les mesures t\u00e8cniques i organitzatives adequades per garantir la seguretat de les dades i evitar-ne la destrucci\u00f3, p\u00e8rdua o acc\u00e9s no autoritzat.<\/p><p>El Lloc Web disposa de certificat SSL (Secure Socket Layer), que garanteix la transmissi\u00f3 segura i xifrada de dades.<\/p><p>No obstant aix\u00f2, com que Internet no \u00e9s totalment invulnerable, en cas de violaci\u00f3 de seguretat que comporti un alt risc, el Responsable ho notificar\u00e0 sense dilaci\u00f3 indeguda.<\/p><p>Les dades seran tractades amb confidencialitat i el Responsable garantir\u00e0 aquesta obligaci\u00f3 als seus empleats i col\u00b7laboradors.<\/p><p><strong>Drets derivats del tractament<\/strong><\/p><p>L\u2019Usuari pot exercir davant [avgest_registered_company] els seg\u00fcents drets:<\/p><ul><li><strong>Dret d\u2019acc\u00e9s<\/strong><\/li><li><strong>Dret de rectificaci\u00f3<\/strong><\/li><li><strong>Dret de supressi\u00f3 (dret a l\u2019oblit)<\/strong><\/li><li><strong>Dret a la limitaci\u00f3 del tractament<\/strong><\/li><li><strong>Dret a la portabilitat de les dades<\/strong><\/li><li><strong>Dret d\u2019oposici\u00f3<\/strong><\/li><li><strong>Dret a no ser objecte de decisions automatitzades<\/strong><\/li><\/ul><p>Per exercir-los, haur\u00e0 d\u2019enviar comunicaci\u00f3 escrita amb la refer\u00e8ncia \u201cRGPD-hotelsantjoan.com\u201d, indicant:<\/p><ul><li>Nom i cognoms + c\u00f2pia del DNI o document equivalent.<\/li><li>Petici\u00f3 concreta.<\/li><li>Adre\u00e7a a efectes de notificacions.<\/li><li>Data i signatura.<\/li><li>Documents justificatius, si escau.<\/li><\/ul><p>Adre\u00e7a postal: [avgest_legal_address]<br \/>Correu electr\u00f2nic: Hotel Sant Joan Palam\u00f3s<\/p><p><strong>Enlla\u00e7os a webs de tercers<\/strong><\/p><p>El Lloc Web pot incloure enlla\u00e7os a webs de tercers, que disposaran de les seves pr\u00f2pies pol\u00edtiques de privacitat.<\/p><p><strong>Reclamacions davant l\u2019autoritat de control<\/strong><\/p><p>Si l\u2019Usuari considera que hi ha una infracci\u00f3, pot presentar reclamaci\u00f3 davant l\u2019autoritat de control corresponent. A Espanya \u00e9s l\u2019Ag\u00e8ncia Espanyola de Protecci\u00f3 de Dades:<br \/><a href=\"https:\/\/www.aepd.es\/\">https:\/\/www.aepd.es\/<\/a><\/p><p><strong>ACCEPTACI\u00d3 I MODIFICACIONS<\/strong><\/p><p>L\u2019Usuari declara haver llegit i acceptat aquesta Pol\u00edtica de Privacitat. L\u2019\u00fas del Lloc Web implica la seva acceptaci\u00f3.<\/p><p>[avgest_registered_company] es reserva el dret de modificar aquesta pol\u00edtica per canvis legislatius o criteris de l\u2019AEPD. Es recomana revisar-la peri\u00f2dicament.<\/p><p>Aquesta Pol\u00edtica s\u2019ha actualitzat per adaptar-se al RGPD i a la LOPD-GDD.<\/p><p>Aquest document va ser creat mitjan\u00e7ant un generador en l\u00ednia el 17\/07\/2024.<\/p><p>\u00a0<\/p>\t\t\t\t\t\t\t\t<\/div>\n\t\t\t\t<\/div>\n\t\t\t\t\t<\/div>\n\t\t\t\t<\/div>\n\t\t\t\t<\/div>\n\t\t","protected":false},"excerpt":{"rendered":"<p>POL\u00cdTICA DE PRIVACITAT I PROTECCI\u00d3 DE DADES En compliment de la normativa vigent, [avgest_registered_company] (d\u2019ara endavant, tamb\u00e9 el Lloc Web) es compromet a adoptar les mesures t\u00e8cniques i organitzatives necess\u00e0ries, d\u2019acord amb el nivell de seguretat adequat al risc de les dades recollides. Legislaci\u00f3 incorporada a aquesta pol\u00edtica de privacitat Aquesta pol\u00edtica de privacitat compleix [&hellip;]<\/p>\n","protected":false},"author":1,"featured_media":0,"parent":0,"menu_order":0,"comment_status":"closed","ping_status":"closed","template":"elementor_header_footer","meta":{"footnotes":""},"class_list":["post-61","page","type-page","status-publish","hentry"],"yoast_head":"<!-- This site is optimized with the Yoast SEO plugin v27.2 - https:\/\/yoast.com\/product\/yoast-seo-wordpress\/ -->\n<title>Pol\u00edtica de privacitat - Hotel Sant Joan<\/title>\n<meta name=\"robots\" content=\"noindex, nofollow\" \/>\n<meta property=\"og:locale\" content=\"es_ES\" \/>\n<meta property=\"og:type\" content=\"article\" \/>\n<meta property=\"og:title\" content=\"Pol\u00edtica de privacitat - Hotel Sant Joan\" \/>\n<meta property=\"og:description\" content=\"POL\u00cdTICA DE PRIVACITAT I PROTECCI\u00d3 DE DADES En compliment de la normativa vigent, [avgest_registered_company] (d\u2019ara endavant, tamb\u00e9 el Lloc Web) es compromet a adoptar les mesures t\u00e8cniques i organitzatives necess\u00e0ries, d\u2019acord amb el nivell de seguretat adequat al risc de les dades recollides. Legislaci\u00f3 incorporada a aquesta pol\u00edtica de privacitat Aquesta pol\u00edtica de privacitat compleix [&hellip;]\" \/>\n<meta property=\"og:url\" content=\"https:\/\/hotelsantjoan.com\/cat\/politica-de-privacidad\/\" \/>\n<meta property=\"og:site_name\" content=\"Hotel Sant Joan\" \/>\n<meta property=\"article:modified_time\" content=\"2026-02-20T15:02:48+00:00\" \/>\n<meta name=\"twitter:card\" content=\"summary_large_image\" \/>\n<meta name=\"twitter:label1\" content=\"Tiempo de lectura\" \/>\n\t<meta name=\"twitter:data1\" content=\"5 minutos\" \/>\n<script type=\"application\/ld+json\" class=\"yoast-schema-graph\">{\"@context\":\"https:\/\/schema.org\",\"@graph\":[{\"@type\":\"WebPage\",\"@id\":\"https:\/\/hotelsantjoan.com\/cat\/politica-de-privacidad\/\",\"url\":\"https:\/\/hotelsantjoan.com\/cat\/politica-de-privacidad\/\",\"name\":\"Pol\u00edtica de privacitat - Hotel Sant Joan\",\"isPartOf\":{\"@id\":\"https:\/\/hotelsantjoan.com\/cat\/#website\"},\"datePublished\":\"2024-07-17T08:40:02+00:00\",\"dateModified\":\"2026-02-20T15:02:48+00:00\",\"breadcrumb\":{\"@id\":\"https:\/\/hotelsantjoan.com\/cat\/politica-de-privacidad\/#breadcrumb\"},\"inLanguage\":\"es\",\"potentialAction\":[{\"@type\":\"ReadAction\",\"target\":[\"https:\/\/hotelsantjoan.com\/cat\/politica-de-privacidad\/\"]}]},{\"@type\":\"BreadcrumbList\",\"@id\":\"https:\/\/hotelsantjoan.com\/cat\/politica-de-privacidad\/#breadcrumb\",\"itemListElement\":[{\"@type\":\"ListItem\",\"position\":1,\"name\":\"Portada\",\"item\":\"https:\/\/hotelsantjoan.com\/cat\/\"},{\"@type\":\"ListItem\",\"position\":2,\"name\":\"Pol\u00edtica de privacitat\"}]},{\"@type\":\"WebSite\",\"@id\":\"https:\/\/hotelsantjoan.com\/cat\/#website\",\"url\":\"https:\/\/hotelsantjoan.com\/cat\/\",\"name\":\"Hotel Sant Joan\",\"description\":\"Mas\u00eda en Palam\u00f3s\",\"publisher\":{\"@id\":\"https:\/\/hotelsantjoan.com\/cat\/#organization\"},\"potentialAction\":[{\"@type\":\"SearchAction\",\"target\":{\"@type\":\"EntryPoint\",\"urlTemplate\":\"https:\/\/hotelsantjoan.com\/cat\/?s={search_term_string}\"},\"query-input\":{\"@type\":\"PropertyValueSpecification\",\"valueRequired\":true,\"valueName\":\"search_term_string\"}}],\"inLanguage\":\"es\"},{\"@type\":\"Organization\",\"@id\":\"https:\/\/hotelsantjoan.com\/cat\/#organization\",\"name\":\"Hotel Sant Joan\",\"url\":\"https:\/\/hotelsantjoan.com\/cat\/\",\"logo\":{\"@type\":\"ImageObject\",\"inLanguage\":\"es\",\"@id\":\"https:\/\/hotelsantjoan.com\/cat\/#\/schema\/logo\/image\/\",\"url\":\"https:\/\/hotelsantjoan.com\/cat\/wp-content\/uploads\/sites\/3\/Logotipo-Hotel-Sant-Joan-azul.webp\",\"contentUrl\":\"https:\/\/hotelsantjoan.com\/cat\/wp-content\/uploads\/sites\/3\/Logotipo-Hotel-Sant-Joan-azul.webp\",\"width\":400,\"height\":160,\"caption\":\"Hotel Sant Joan\"},\"image\":{\"@id\":\"https:\/\/hotelsantjoan.com\/cat\/#\/schema\/logo\/image\/\"}}]}<\/script>\n<!-- \/ Yoast SEO plugin. -->","yoast_head_json":{"title":"Pol\u00edtica de privacitat - Hotel Sant Joan","robots":{"index":"noindex","follow":"nofollow"},"og_locale":"es_ES","og_type":"article","og_title":"Pol\u00edtica de privacitat - Hotel Sant Joan","og_description":"POL\u00cdTICA DE PRIVACITAT I PROTECCI\u00d3 DE DADES En compliment de la normativa vigent, [avgest_registered_company] (d\u2019ara endavant, tamb\u00e9 el Lloc Web) es compromet a adoptar les mesures t\u00e8cniques i organitzatives necess\u00e0ries, d\u2019acord amb el nivell de seguretat adequat al risc de les dades recollides. Legislaci\u00f3 incorporada a aquesta pol\u00edtica de privacitat Aquesta pol\u00edtica de privacitat compleix [&hellip;]","og_url":"https:\/\/hotelsantjoan.com\/cat\/politica-de-privacidad\/","og_site_name":"Hotel Sant Joan","article_modified_time":"2026-02-20T15:02:48+00:00","twitter_card":"summary_large_image","twitter_misc":{"Tiempo de lectura":"5 minutos"},"schema":{"@context":"https:\/\/schema.org","@graph":[{"@type":"WebPage","@id":"https:\/\/hotelsantjoan.com\/cat\/politica-de-privacidad\/","url":"https:\/\/hotelsantjoan.com\/cat\/politica-de-privacidad\/","name":"Pol\u00edtica de privacitat - Hotel Sant Joan","isPartOf":{"@id":"https:\/\/hotelsantjoan.com\/cat\/#website"},"datePublished":"2024-07-17T08:40:02+00:00","dateModified":"2026-02-20T15:02:48+00:00","breadcrumb":{"@id":"https:\/\/hotelsantjoan.com\/cat\/politica-de-privacidad\/#breadcrumb"},"inLanguage":"es","potentialAction":[{"@type":"ReadAction","target":["https:\/\/hotelsantjoan.com\/cat\/politica-de-privacidad\/"]}]},{"@type":"BreadcrumbList","@id":"https:\/\/hotelsantjoan.com\/cat\/politica-de-privacidad\/#breadcrumb","itemListElement":[{"@type":"ListItem","position":1,"name":"Portada","item":"https:\/\/hotelsantjoan.com\/cat\/"},{"@type":"ListItem","position":2,"name":"Pol\u00edtica de privacitat"}]},{"@type":"WebSite","@id":"https:\/\/hotelsantjoan.com\/cat\/#website","url":"https:\/\/hotelsantjoan.com\/cat\/","name":"Hotel Sant Joan","description":"Mas\u00eda en Palam\u00f3s","publisher":{"@id":"https:\/\/hotelsantjoan.com\/cat\/#organization"},"potentialAction":[{"@type":"SearchAction","target":{"@type":"EntryPoint","urlTemplate":"https:\/\/hotelsantjoan.com\/cat\/?s={search_term_string}"},"query-input":{"@type":"PropertyValueSpecification","valueRequired":true,"valueName":"search_term_string"}}],"inLanguage":"es"},{"@type":"Organization","@id":"https:\/\/hotelsantjoan.com\/cat\/#organization","name":"Hotel Sant Joan","url":"https:\/\/hotelsantjoan.com\/cat\/","logo":{"@type":"ImageObject","inLanguage":"es","@id":"https:\/\/hotelsantjoan.com\/cat\/#\/schema\/logo\/image\/","url":"https:\/\/hotelsantjoan.com\/cat\/wp-content\/uploads\/sites\/3\/Logotipo-Hotel-Sant-Joan-azul.webp","contentUrl":"https:\/\/hotelsantjoan.com\/cat\/wp-content\/uploads\/sites\/3\/Logotipo-Hotel-Sant-Joan-azul.webp","width":400,"height":160,"caption":"Hotel Sant Joan"},"image":{"@id":"https:\/\/hotelsantjoan.com\/cat\/#\/schema\/logo\/image\/"}}]}},"_links":{"self":[{"href":"https:\/\/hotelsantjoan.com\/cat\/wp-json\/wp\/v2\/pages\/61","targetHints":{"allow":["GET"]}}],"collection":[{"href":"https:\/\/hotelsantjoan.com\/cat\/wp-json\/wp\/v2\/pages"}],"about":[{"href":"https:\/\/hotelsantjoan.com\/cat\/wp-json\/wp\/v2\/types\/page"}],"author":[{"embeddable":true,"href":"https:\/\/hotelsantjoan.com\/cat\/wp-json\/wp\/v2\/users\/1"}],"replies":[{"embeddable":true,"href":"https:\/\/hotelsantjoan.com\/cat\/wp-json\/wp\/v2\/comments?post=61"}],"version-history":[{"count":5,"href":"https:\/\/hotelsantjoan.com\/cat\/wp-json\/wp\/v2\/pages\/61\/revisions"}],"predecessor-version":[{"id":3347,"href":"https:\/\/hotelsantjoan.com\/cat\/wp-json\/wp\/v2\/pages\/61\/revisions\/3347"}],"wp:attachment":[{"href":"https:\/\/hotelsantjoan.com\/cat\/wp-json\/wp\/v2\/media?parent=61"}],"curies":[{"name":"wp","href":"https:\/\/api.w.org\/{rel}","templated":true}]}}