{"id":2756,"date":"2026-01-13T10:10:51","date_gmt":"2026-01-13T09:10:51","guid":{"rendered":"https:\/\/hotelsantjoan.com\/?page_id=2756"},"modified":"2026-03-30T15:50:56","modified_gmt":"2026-03-30T13:50:56","slug":"regala-emocio","status":"publish","type":"page","link":"https:\/\/hotelsantjoan.com\/cat\/regala-emocio\/","title":{"rendered":"Regala emoci\u00f3"},"content":{"rendered":"\t\t<div data-elementor-type=\"wp-page\" data-elementor-id=\"2756\" class=\"elementor elementor-2756\" data-elementor-post-type=\"page\">\n\t\t\t\t<div class=\"elementor-element elementor-element-336f9af e-flex e-con-boxed e-con e-parent\" data-id=\"336f9af\" data-element_type=\"container\" data-e-type=\"container\" data-settings=\"{&quot;background_background&quot;:&quot;classic&quot;}\">\n\t\t\t\t\t<div class=\"e-con-inner\">\n\t\t\t\t<div class=\"elementor-element elementor-element-d64c7de elementor-widget elementor-widget-heading\" data-id=\"d64c7de\" data-element_type=\"widget\" data-e-type=\"widget\" data-widget_type=\"heading.default\">\n\t\t\t\t\t<h1 class=\"elementor-heading-title elementor-size-default\"><em>Regala<\/em> emocions<\/h1>\t\t\t\t<\/div>\n\t\t\t\t<div class=\"elementor-element elementor-element-262a9f8 elementor-widget__width-initial elementor-hidden-tablet elementor-hidden-mobile elementor-widget elementor-widget-shortcode\" data-id=\"262a9f8\" data-element_type=\"widget\" data-e-type=\"widget\" data-widget_type=\"shortcode.default\">\n\t\t\t\t\t\t\t<div class=\"elementor-shortcode\">        <link href=\"https:\/\/fonts.googleapis.com\/css2?family=Roboto:ital,wght@0,100;0,200;0,300;0,400;0,500;0,600;0,700;0,800;0,900;1,100;1,200;1,300;1,400;1,500;1,600;1,700;1,800;1,900&display=swap\" rel=\"stylesheet\">\r\n<style>\r\n    .avc-calendar.avc-calendar-1 {\r\n        background-color: rgba(18.02, 33.13, 83.5, 0.15);\r\n        border-width: 0px;\r\n        border-color: rgba(0,0,0,1);\r\n        border-radius: 4px;\r\n        column-gap: 16px;\r\n        row-gap: 16px;\r\n        font-family: \"Roboto\";\r\n    }\r\n\r\n    \r\n    .avc-calendar.avc-calendar-1>.avc-input {\r\n        background-color: rgba(255,255,255,1);\r\n        border-width: 1px;\r\n        border-color: rgba(0,0,0,1);\r\n        border-radius: 4px;\r\n        color: rgba(18, 33, 83, 1);\r\n        font-size: 14px;\r\n        padding-top: 18px;\r\n        padding-bottom: 18px;\r\n    }\r\n    \r\n    .avc-calendar.avc-calendar-1>.avc-input>i {\r\n        color: rgba(18, 33, 83, 1);\r\n    }\r\n\r\n    .avc-calendar.avc-calendar-1>.avc-input>input {\r\n        font-size: 14px;\r\n    }\r\n\r\n    \/* Separated because of this: https:\/\/stackoverflow.com\/a\/39155868 *\/\r\n    .avc-calendar.avc-calendar-1input::placeholder {\r\n        color: inherit;\r\n        font-size: inherit;\r\n    }\r\n\r\n    .avc-calendar.avc-calendar-1input::-moz-placeholder {\r\n        color: inherit;\r\n        font-size: inherit;\r\n    }\r\n\r\n    .avc-calendar.avc-calendar-1input::-webkit-input-placeholder {\r\n        color: inherit;\r\n        font-size: inherit;\r\n    }\r\n\r\n    .avc-calendar.avc-calendar-1input:-ms-input-placeholder {\r\n        color: inherit;\r\n        font-size: inherit;\r\n    }\r\n\r\n    .avc-calendar.avc-calendar-1input::-ms-input-placeholder {\r\n        color: inherit;\r\n        font-size: inherit;\r\n    }\r\n\r\n    .avc-calendar.avc-calendar-1>.avc-button {\r\n        background-color: rgba(18, 33, 83, 1);\r\n        border-width: 0px;\r\n        border-color: rgba(255, 255, 255, 1);\r\n        border-radius: 4px;\r\n        color: rgba(255,255,255,1);\r\n        font-size: 14px;\r\n        padding-top: 18px;\r\n        padding-bottom: 18px;\r\n    }\r\n\r\n    .avc-calendar.avc-calendar-1:not(.avc-calendar-v)>.avc-button {\r\n        width: 25%;\r\n    }\r\n\r\n    .avc-calendar.avc-calendar-1>.avc-button:hover {\r\n        background-color: rgba(30,44,92,1);\r\n    }\r\n\r\n    .avc-datepicker.avc-datepicker-1.ui-state-highlight {\r\n        border: 1px solid rgba(18, 33, 83, 1);\r\n        color: rgba(18, 33, 83, 1);\r\n    }\r\n\r\n    .avc-datepicker.avc-datepicker-1.ui-state-highlight:not(.ui-state-active):hover {\r\n        background-color: rgba(219,222,229,1);\r\n    }\r\n\r\n    .avc-datepicker.avc-datepicker-1.ui-datepicker table>tbody>tr>td>a.ui-state-active.ui-state-default {\r\n        border: 1px solid rgba(18, 33, 83, 1) !important;\r\n        background-color: rgba(18, 33, 83, 1) !important;\r\n        color: rgba(255,255,255,1) !important;\r\n    }\r\n<\/style>        \r\n<div class=\"avc-calendar avc-calendar-1  avc-calendar-spacing \" data-id=\"1\" id=\"avc-1\" data-categories=\"[]\" data-lang=\"es\" data-globalredirect=\"false\" data-globalredirectId=\"0\" >\r\n    <select\r\n        class=\"avc-input avc-establishment avc-establishment-1  avc-calendar-spacing \" style=\"display: none;\"\r\n        data-single=\"1\"\r\n        data-default-webcode=\"72328322\"\r\n    >\r\n        <option value=\"\">Establecimientos<\/option>\r\n                <option value=\"72328322\" data-id=\"1\">\r\n            Sant Joan        <\/option>\r\n            <\/select>\r\n        <label class=\"avc-input\">\r\n                    <i class=\"material-icons\">calendar_today<\/i>\r\n                <input type=\"text\" class=\"avc-arrival\" placeholder=\"Llegada\" readonly data-id=\"1\">\r\n    <\/label>\r\n    <label class=\"avc-input\">\r\n                    <i class=\"material-icons\">calendar_today<\/i>\r\n                <input type=\"text\" class=\"avc-departure\" placeholder=\"Salida\" readonly data-id=\"1\">\r\n    <\/label>\r\n    <label class=\"avc-input\" style=\"display: none;\">\r\n        <input type=\"text\" class=\"avc-promotion\" placeholder=\"C\u00f3digo promocional\" value=\"\">\r\n    <\/label>\r\n    <button class=\"avc-button\" onclick=\"go_to_bengine(1)\" >Reservar<\/button>\r\n    <input type=\"hidden\" id=\"avinput_redirect\" value=\"false\" data-pageRedirURL=\"https:\/\/hotelsantjoan.com\/cat\/regala-emocio\/\">\r\n    <input type=\"hidden\" id=\"avinput_san\" value=\"false\">\r\n    <input type=\"hidden\" id=\"avinput_zones\" value=\"false\">\r\n<\/div><\/div>\n\t\t\t\t\t\t<\/div>\n\t\t\t\t<div class=\"elementor-element elementor-element-993537f elementor-hidden-desktop elementor-hidden-laptop elementor-widget elementor-widget-button\" data-id=\"993537f\" data-element_type=\"widget\" data-e-type=\"widget\" data-widget_type=\"button.default\">\n\t\t\t\t\t\t\t\t\t\t<a class=\"elementor-button elementor-button-link elementor-size-sm\" href=\"https:\/\/booking.avirato.com\/?code=72328322&#038;lang=cat\" target=\"_blank\">\n\t\t\t\t\t\t<span class=\"elementor-button-content-wrapper\">\n\t\t\t\t\t\t\t\t\t<span class=\"elementor-button-text\">Reserva al millor preu <\/span>\n\t\t\t\t\t<\/span>\n\t\t\t\t\t<\/a>\n\t\t\t\t\t\t\t\t<\/div>\n\t\t\t\t\t<\/div>\n\t\t\t\t<\/div>\n\t\t<div class=\"elementor-element elementor-element-ee029e8 e-flex e-con-boxed e-con e-parent\" data-id=\"ee029e8\" data-element_type=\"container\" data-e-type=\"container\" data-settings=\"{&quot;background_background&quot;:&quot;classic&quot;}\">\n\t\t\t\t\t<div class=\"e-con-inner\">\n\t\t\t\t<div class=\"elementor-element elementor-element-05cd9a3 elementor-icon-list--layout-inline elementor-align-center elementor-list-item-link-full_width elementor-widget elementor-widget-icon-list\" data-id=\"05cd9a3\" data-element_type=\"widget\" data-e-type=\"widget\" data-widget_type=\"icon-list.default\">\n\t\t\t\t\t\t\t<ul class=\"elementor-icon-list-items elementor-inline-items\">\n\t\t\t\t\t\t\t<li class=\"elementor-icon-list-item elementor-inline-item\">\n\t\t\t\t\t\t\t\t\t\t<span class=\"elementor-icon-list-text\">Millor preu garantit<\/span>\n\t\t\t\t\t\t\t\t\t<\/li>\n\t\t\t\t\t\t\t\t<li class=\"elementor-icon-list-item elementor-inline-item\">\n\t\t\t\t\t\t\t\t\t\t<span class=\"elementor-icon-list-text\">Esmorzar incl\u00f2s<\/span>\n\t\t\t\t\t\t\t\t\t<\/li>\n\t\t\t\t\t\t\t\t<li class=\"elementor-icon-list-item elementor-inline-item\">\n\t\t\t\t\t\t\t\t\t\t<span class=\"elementor-icon-list-text\">Detall de benvinguda<\/span>\n\t\t\t\t\t\t\t\t\t<\/li>\n\t\t\t\t\t\t\t\t<li class=\"elementor-icon-list-item elementor-inline-item\">\n\t\t\t\t\t\t\t\t\t\t<span class=\"elementor-icon-list-text\">P\u00e0rquing exterior gratu\u00eft*<\/span>\n\t\t\t\t\t\t\t\t\t<\/li>\n\t\t\t\t\t\t<\/ul>\n\t\t\t\t\t\t<\/div>\n\t\t\t\t<div class=\"elementor-element elementor-element-02b4ea3 elementor-widget__width-initial elementor-widget elementor-widget-text-editor\" data-id=\"02b4ea3\" data-element_type=\"widget\" data-e-type=\"widget\" data-widget_type=\"text-editor.default\">\n\t\t\t\t\t\t\t\t\t<p style=\"text-align: center;\"><em>*L\u00b4hotel disposa de places de 8 de p\u00e0rquing gratu\u00eftes sota disponibilitat (no reservables). Tamb\u00e9 hi ha un garatge privat amb un cost addicional. Es recomana reservar pr\u00e8viament i est\u00e0 subjecte a disponibilitat.<\/em><\/p>\t\t\t\t\t\t\t\t<\/div>\n\t\t\t\t\t<\/div>\n\t\t\t\t<\/div>\n\t\t<div class=\"elementor-element elementor-element-fc2fe05 e-flex e-con-boxed e-con e-parent\" data-id=\"fc2fe05\" data-element_type=\"container\" data-e-type=\"container\" data-settings=\"{&quot;background_background&quot;:&quot;classic&quot;}\">\n\t\t\t\t\t<div class=\"e-con-inner\">\n\t\t\t\t<div class=\"elementor-element elementor-element-77e5c8c elementor-widget elementor-widget-heading\" data-id=\"77e5c8c\" data-element_type=\"widget\" data-e-type=\"widget\" data-widget_type=\"heading.default\">\n\t\t\t\t\t<h3 class=\"elementor-heading-title elementor-size-default\">Hi ha regals que no s'emboliquen, es viuen<\/h3>\t\t\t\t<\/div>\n\t\t\t\t<div class=\"elementor-element elementor-element-9cca7a2 elementor-widget__width-initial elementor-widget elementor-widget-heading\" data-id=\"9cca7a2\" data-element_type=\"widget\" data-e-type=\"widget\" data-widget_type=\"heading.default\">\n\t\t\t\t\t<h2 class=\"elementor-heading-title elementor-size-default\"><em> Regala emocions <\/em> i viu experi\u00e8ncies \u00faniques a l'Hotel Sant Joan <\/h2>\t\t\t\t<\/div>\n\t\t\t\t<div class=\"elementor-element elementor-element-7cbd672 elementor-widget elementor-widget-text-editor\" data-id=\"7cbd672\" data-element_type=\"widget\" data-e-type=\"widget\" data-widget_type=\"text-editor.default\">\n\t\t\t\t\t\t\t\t\t<p class=\"isSelectedEnd\">\u00c9s el regal perfecte per celebrar aniversaris, dates importants, escapades rom\u00e0ntiques o simplement per dir \u201ct&#8217;ho mereixes\u201d. Una experi\u00e8ncia que comen\u00e7a en creuar la porta de l&#8217;hotel i es prolonga en una vetllada gastron\u00f2mica cuidada al detall, creant records que romanen molt m\u00e9s enll\u00e0 de l&#8217;estada.<\/p>\t\t\t\t\t\t\t\t<\/div>\n\t\t\t\t<div class=\"elementor-element elementor-element-21b13a0 elementor-cta--valign-bottom elementor-cta--skin-classic elementor-animated-content elementor-bg-transform elementor-bg-transform-zoom-in elementor-widget elementor-widget-call-to-action\" data-id=\"21b13a0\" data-element_type=\"widget\" data-e-type=\"widget\" data-widget_type=\"call-to-action.default\">\n\t\t\t\t\t\t\t<a class=\"elementor-cta\" href=\"https:\/\/booking.avirato.com\/72328322\/promotions\/1\/labril-demana-una-escapada?lang=cat\" target=\"_blank\">\n\t\t\t\t\t<div class=\"elementor-cta__bg-wrapper\">\n\t\t\t\t<div class=\"elementor-cta__bg elementor-bg\" style=\"background-image: url(https:\/\/hotelsantjoan.com\/cat\/wp-content\/uploads\/sites\/3\/Regala-Noche-cena-en-Hotel-Sant-Joan.webp);\" role=\"img\" aria-label=\"Regala Noche + cena en Hotel Sant Joan\"><\/div>\n\t\t\t\t<div class=\"elementor-cta__bg-overlay\"><\/div>\n\t\t\t<\/div>\n\t\t\t\t\t\t\t<div class=\"elementor-cta__content\">\n\t\t\t\t\n\t\t\t\t\t\t\t\t\t<h2 class=\"elementor-cta__title elementor-cta__content-item elementor-content-item\">\n\t\t\t\t\t\tUna nit m\u00e9s sopar a l'Hotel Sant Joan\t\t\t\t\t<\/h2>\n\t\t\t\t\n\t\t\t\t\t\t\t\t\t<div class=\"elementor-cta__description elementor-cta__content-item elementor-content-item\">\n\t\t\t\t\t\tRegala una nit a l'Hotel Sant Joan i completa-la amb un sopar especial, pensat per gaudir sense presses i assaborir cada instant. \t\t\t\t\t<\/div>\n\t\t\t\t\n\t\t\t\t\t\t\t<\/div>\n\t\t\t\t\t\t<\/a>\n\t\t\t\t\t\t<\/div>\n\t\t\t\t\t<\/div>\n\t\t\t\t<\/div>\n\t\t<div class=\"elementor-element elementor-element-3ea9c44 e-con-full e-flex e-con e-parent\" data-id=\"3ea9c44\" data-element_type=\"container\" data-e-type=\"container\">\n\t\t\t\t<div class=\"elementor-element elementor-element-ba890e9 elementor-cta--skin-cover elementor-cta--valign-bottom elementor-animated-content elementor-bg-transform elementor-bg-transform-zoom-in elementor-widget elementor-widget-call-to-action\" data-id=\"ba890e9\" data-element_type=\"widget\" data-e-type=\"widget\" data-widget_type=\"call-to-action.default\">\n\t\t\t\t\t\t\t<div class=\"elementor-cta\">\n\t\t\t\t\t<div class=\"elementor-cta__bg-wrapper\">\n\t\t\t\t<div class=\"elementor-cta__bg elementor-bg\" style=\"background-image: url(https:\/\/hotelsantjoan.com\/cat\/wp-content\/uploads\/sites\/3\/Disfruta-de-ventajas-exclusivas-en-Hotel-Sant-Joan-Palamos.webp);\" role=\"img\" aria-label=\"Disfruta de ventajas exclusivas en Hotel Sant Joan Palam\u00f3s\"><\/div>\n\t\t\t\t<div class=\"elementor-cta__bg-overlay\"><\/div>\n\t\t\t<\/div>\n\t\t\t\t\t\t\t<div class=\"elementor-cta__content\">\n\t\t\t\t\n\t\t\t\t\t\t\t\t\t<h2 class=\"elementor-cta__title elementor-cta__content-item elementor-content-item elementor-animated-item--grow\">\n\t\t\t\t\t\t<em>Ofertes exclusives<\/em> al nostre web oficial\t\t\t\t\t<\/h2>\n\t\t\t\t\n\t\t\t\t\t\t\t\t\t<div class=\"elementor-cta__description elementor-cta__content-item elementor-content-item elementor-animated-item--grow\">\n\t\t\t\t\t\tReserveu directament al nostre web o\ufb01cial i gaudiu del millor preu garantit per a la vostra estada a l'Hotel Sant Joan. A m\u00e9s, com a avantatge exclusiu per reservar amb nosaltres, t'obsequiem amb l'esmorzar incl\u00f2s, perqu\u00e8 comencis cada dia amb energia i sense preocupacions. No el trobar\u00e0s a cap altre lloc. Apro\ufb01ta les nostres ofertes exclusives i reserva al millor preu, amb tots els avantatges.\t\t\t\t\t<\/div>\n\t\t\t\t\n\t\t\t\t\t\t\t\t\t<div class=\"elementor-cta__button-wrapper elementor-cta__content-item elementor-content-item elementor-animated-item--grow\">\n\t\t\t\t\t<a class=\"elementor-cta__button elementor-button elementor-size-\" href=\"https:\/\/booking.avirato.com\/?code=72328322&#038;lang=cat\" target=\"_blank\">\n\t\t\t\t\t\tReserva amb avantatges exclusius \t\t\t\t\t<\/a>\n\t\t\t\t\t<\/div>\n\t\t\t\t\t\t\t<\/div>\n\t\t\t\t\t\t<\/div>\n\t\t\t\t\t\t<\/div>\n\t\t\t\t<\/div>\n\t\t\t\t<\/div>\n\t\t","protected":false},"excerpt":{"rendered":"<p>Regala emocions Reserva al millor preu Millor preu garantit Esmorzar incl\u00f2s Detall de benvinguda P\u00e0rquing exterior gratu\u00eft* *L\u00b4hotel disposa de places de 8 de p\u00e0rquing gratu\u00eftes sota disponibilitat (no reservables). Tamb\u00e9 hi ha un garatge privat amb un cost addicional. Es recomana reservar pr\u00e8viament i est\u00e0 subjecte a disponibilitat. Hi ha regals que no s&#8217;emboliquen, [&hellip;]<\/p>\n","protected":false},"author":1,"featured_media":0,"parent":0,"menu_order":0,"comment_status":"closed","ping_status":"closed","template":"elementor_header_footer","meta":{"footnotes":""},"class_list":["post-2756","page","type-page","status-publish","hentry"],"yoast_head":"<!-- This site is optimized with the Yoast SEO plugin v27.2 - https:\/\/yoast.com\/product\/yoast-seo-wordpress\/ -->\n<title>Regala emoci\u00f3 - Hotel Sant Joan<\/title>\n<meta name=\"description\" content=\"Regala emocions, celebra aniversaris, aniversaris de casament, escapades rom\u00e0ntiques o simplement per dir: \u00abHo mereixes\u00bb.\" \/>\n<meta name=\"robots\" content=\"index, follow, max-snippet:-1, max-image-preview:large, max-video-preview:-1\" \/>\n<link rel=\"canonical\" href=\"https:\/\/hotelsantjoan.com\/cat\/regala-emocio\/\" \/>\n<meta property=\"og:locale\" content=\"es_ES\" \/>\n<meta property=\"og:type\" content=\"article\" \/>\n<meta property=\"og:title\" content=\"Regala emoci\u00f3 - Hotel Sant Joan\" \/>\n<meta property=\"og:description\" content=\"Regala emocions, celebra aniversaris, aniversaris de casament, escapades rom\u00e0ntiques o simplement per dir: \u00abHo mereixes\u00bb.\" \/>\n<meta property=\"og:url\" content=\"https:\/\/hotelsantjoan.com\/cat\/regala-emocio\/\" \/>\n<meta property=\"og:site_name\" content=\"Hotel Sant Joan\" \/>\n<meta property=\"article:modified_time\" content=\"2026-03-30T13:50:56+00:00\" \/>\n<meta name=\"twitter:card\" content=\"summary_large_image\" \/>\n<meta name=\"twitter:label1\" content=\"Tiempo de lectura\" \/>\n\t<meta name=\"twitter:data1\" content=\"2 minutos\" \/>\n<script type=\"application\/ld+json\" class=\"yoast-schema-graph\">{\"@context\":\"https:\/\/schema.org\",\"@graph\":[{\"@type\":\"WebPage\",\"@id\":\"https:\/\/hotelsantjoan.com\/cat\/regala-emocio\/\",\"url\":\"https:\/\/hotelsantjoan.com\/cat\/regala-emocio\/\",\"name\":\"Regala emoci\u00f3 - Hotel Sant Joan\",\"isPartOf\":{\"@id\":\"https:\/\/hotelsantjoan.com\/cat\/#website\"},\"datePublished\":\"2026-01-13T09:10:51+00:00\",\"dateModified\":\"2026-03-30T13:50:56+00:00\",\"description\":\"Regala emocions, celebra aniversaris, aniversaris de casament, escapades rom\u00e0ntiques o simplement per dir: \u00abHo mereixes\u00bb.\",\"breadcrumb\":{\"@id\":\"https:\/\/hotelsantjoan.com\/cat\/regala-emocio\/#breadcrumb\"},\"inLanguage\":\"es\",\"potentialAction\":[{\"@type\":\"ReadAction\",\"target\":[\"https:\/\/hotelsantjoan.com\/cat\/regala-emocio\/\"]}]},{\"@type\":\"BreadcrumbList\",\"@id\":\"https:\/\/hotelsantjoan.com\/cat\/regala-emocio\/#breadcrumb\",\"itemListElement\":[{\"@type\":\"ListItem\",\"position\":1,\"name\":\"Portada\",\"item\":\"https:\/\/hotelsantjoan.com\/cat\/\"},{\"@type\":\"ListItem\",\"position\":2,\"name\":\"Regala emoci\u00f3\"}]},{\"@type\":\"WebSite\",\"@id\":\"https:\/\/hotelsantjoan.com\/cat\/#website\",\"url\":\"https:\/\/hotelsantjoan.com\/cat\/\",\"name\":\"Hotel Sant Joan\",\"description\":\"Mas\u00eda en Palam\u00f3s\",\"publisher\":{\"@id\":\"https:\/\/hotelsantjoan.com\/cat\/#organization\"},\"potentialAction\":[{\"@type\":\"SearchAction\",\"target\":{\"@type\":\"EntryPoint\",\"urlTemplate\":\"https:\/\/hotelsantjoan.com\/cat\/?s={search_term_string}\"},\"query-input\":{\"@type\":\"PropertyValueSpecification\",\"valueRequired\":true,\"valueName\":\"search_term_string\"}}],\"inLanguage\":\"es\"},{\"@type\":\"Organization\",\"@id\":\"https:\/\/hotelsantjoan.com\/cat\/#organization\",\"name\":\"Hotel Sant Joan\",\"url\":\"https:\/\/hotelsantjoan.com\/cat\/\",\"logo\":{\"@type\":\"ImageObject\",\"inLanguage\":\"es\",\"@id\":\"https:\/\/hotelsantjoan.com\/cat\/#\/schema\/logo\/image\/\",\"url\":\"https:\/\/hotelsantjoan.com\/cat\/wp-content\/uploads\/sites\/3\/Logotipo-Hotel-Sant-Joan-azul.webp\",\"contentUrl\":\"https:\/\/hotelsantjoan.com\/cat\/wp-content\/uploads\/sites\/3\/Logotipo-Hotel-Sant-Joan-azul.webp\",\"width\":400,\"height\":160,\"caption\":\"Hotel Sant Joan\"},\"image\":{\"@id\":\"https:\/\/hotelsantjoan.com\/cat\/#\/schema\/logo\/image\/\"}}]}<\/script>\n<!-- \/ Yoast SEO plugin. -->","yoast_head_json":{"title":"Regala emoci\u00f3 - Hotel Sant Joan","description":"Regala emocions, celebra aniversaris, aniversaris de casament, escapades rom\u00e0ntiques o simplement per dir: \u00abHo mereixes\u00bb.","robots":{"index":"index","follow":"follow","max-snippet":"max-snippet:-1","max-image-preview":"max-image-preview:large","max-video-preview":"max-video-preview:-1"},"canonical":"https:\/\/hotelsantjoan.com\/cat\/regala-emocio\/","og_locale":"es_ES","og_type":"article","og_title":"Regala emoci\u00f3 - Hotel Sant Joan","og_description":"Regala emocions, celebra aniversaris, aniversaris de casament, escapades rom\u00e0ntiques o simplement per dir: \u00abHo mereixes\u00bb.","og_url":"https:\/\/hotelsantjoan.com\/cat\/regala-emocio\/","og_site_name":"Hotel Sant Joan","article_modified_time":"2026-03-30T13:50:56+00:00","twitter_card":"summary_large_image","twitter_misc":{"Tiempo de lectura":"2 minutos"},"schema":{"@context":"https:\/\/schema.org","@graph":[{"@type":"WebPage","@id":"https:\/\/hotelsantjoan.com\/cat\/regala-emocio\/","url":"https:\/\/hotelsantjoan.com\/cat\/regala-emocio\/","name":"Regala emoci\u00f3 - Hotel Sant Joan","isPartOf":{"@id":"https:\/\/hotelsantjoan.com\/cat\/#website"},"datePublished":"2026-01-13T09:10:51+00:00","dateModified":"2026-03-30T13:50:56+00:00","description":"Regala emocions, celebra aniversaris, aniversaris de casament, escapades rom\u00e0ntiques o simplement per dir: \u00abHo mereixes\u00bb.","breadcrumb":{"@id":"https:\/\/hotelsantjoan.com\/cat\/regala-emocio\/#breadcrumb"},"inLanguage":"es","potentialAction":[{"@type":"ReadAction","target":["https:\/\/hotelsantjoan.com\/cat\/regala-emocio\/"]}]},{"@type":"BreadcrumbList","@id":"https:\/\/hotelsantjoan.com\/cat\/regala-emocio\/#breadcrumb","itemListElement":[{"@type":"ListItem","position":1,"name":"Portada","item":"https:\/\/hotelsantjoan.com\/cat\/"},{"@type":"ListItem","position":2,"name":"Regala emoci\u00f3"}]},{"@type":"WebSite","@id":"https:\/\/hotelsantjoan.com\/cat\/#website","url":"https:\/\/hotelsantjoan.com\/cat\/","name":"Hotel Sant Joan","description":"Mas\u00eda en Palam\u00f3s","publisher":{"@id":"https:\/\/hotelsantjoan.com\/cat\/#organization"},"potentialAction":[{"@type":"SearchAction","target":{"@type":"EntryPoint","urlTemplate":"https:\/\/hotelsantjoan.com\/cat\/?s={search_term_string}"},"query-input":{"@type":"PropertyValueSpecification","valueRequired":true,"valueName":"search_term_string"}}],"inLanguage":"es"},{"@type":"Organization","@id":"https:\/\/hotelsantjoan.com\/cat\/#organization","name":"Hotel Sant Joan","url":"https:\/\/hotelsantjoan.com\/cat\/","logo":{"@type":"ImageObject","inLanguage":"es","@id":"https:\/\/hotelsantjoan.com\/cat\/#\/schema\/logo\/image\/","url":"https:\/\/hotelsantjoan.com\/cat\/wp-content\/uploads\/sites\/3\/Logotipo-Hotel-Sant-Joan-azul.webp","contentUrl":"https:\/\/hotelsantjoan.com\/cat\/wp-content\/uploads\/sites\/3\/Logotipo-Hotel-Sant-Joan-azul.webp","width":400,"height":160,"caption":"Hotel Sant Joan"},"image":{"@id":"https:\/\/hotelsantjoan.com\/cat\/#\/schema\/logo\/image\/"}}]}},"_links":{"self":[{"href":"https:\/\/hotelsantjoan.com\/cat\/wp-json\/wp\/v2\/pages\/2756","targetHints":{"allow":["GET"]}}],"collection":[{"href":"https:\/\/hotelsantjoan.com\/cat\/wp-json\/wp\/v2\/pages"}],"about":[{"href":"https:\/\/hotelsantjoan.com\/cat\/wp-json\/wp\/v2\/types\/page"}],"author":[{"embeddable":true,"href":"https:\/\/hotelsantjoan.com\/cat\/wp-json\/wp\/v2\/users\/1"}],"replies":[{"embeddable":true,"href":"https:\/\/hotelsantjoan.com\/cat\/wp-json\/wp\/v2\/comments?post=2756"}],"version-history":[{"count":76,"href":"https:\/\/hotelsantjoan.com\/cat\/wp-json\/wp\/v2\/pages\/2756\/revisions"}],"predecessor-version":[{"id":3381,"href":"https:\/\/hotelsantjoan.com\/cat\/wp-json\/wp\/v2\/pages\/2756\/revisions\/3381"}],"wp:attachment":[{"href":"https:\/\/hotelsantjoan.com\/cat\/wp-json\/wp\/v2\/media?parent=2756"}],"curies":[{"name":"wp","href":"https:\/\/api.w.org\/{rel}","templated":true}]}}